{"id":1021,"date":"2021-07-28T11:07:36","date_gmt":"2021-07-28T09:07:36","guid":{"rendered":"https:\/\/muraplast.com\/?page_id=1021"},"modified":"2022-03-11T11:47:23","modified_gmt":"2022-03-11T10:47:23","slug":"politik","status":"publish","type":"page","link":"https:\/\/muraplast.com\/de\/muraplast\/politik\/","title":{"rendered":"Politik"},"content":{"rendered":"<p>[et_pb_section fb_built=&#8220;1&#8243; disabled_on=&#8220;on|on|off&#8220; _builder_version=&#8220;4.9.7&#8243; _module_preset=&#8220;default&#8220; custom_margin=&#8220;150px||||false|false&#8220; custom_margin_tablet=&#8220;130px||||false|false&#8220; custom_margin_phone=&#8220;100px||||false|false&#8220; custom_margin_last_edited=&#8220;on|phone&#8220; custom_padding=&#8220;0px||0px||false|false&#8220; da_disable_devices=&#8220;off|off|off&#8220; global_module=&#8220;2927&#8243; saved_tabs=&#8220;all&#8220; locked=&#8220;off&#8220; global_colors_info=&#8220;{}&#8220; da_is_popup=&#8220;off&#8220; da_exit_intent=&#8220;off&#8220; da_has_close=&#8220;on&#8220; da_alt_close=&#8220;off&#8220; da_dark_close=&#8220;off&#8220; da_not_modal=&#8220;on&#8220; da_is_singular=&#8220;off&#8220; da_with_loader=&#8220;off&#8220; da_has_shadow=&#8220;on&#8220;][et_pb_row _builder_version=&#8220;4.9.7&#8243; _module_preset=&#8220;default&#8220; width=&#8220;100%&#8220; width_tablet=&#8220;90%&#8220; width_phone=&#8220;&#8220; width_last_edited=&#8220;on|phone&#8220; custom_padding=&#8220;8px||0px||false|false&#8220; global_colors_info=&#8220;{}&#8220;][et_pb_column type=&#8220;4_4&#8243; _builder_version=&#8220;4.9.7&#8243; _module_preset=&#8220;default&#8220; global_colors_info=&#8220;{}&#8220;][lwp_divi_breadcrumbs home_text=&#8220;Titelseite&#8220; font_icon=&#8220;%%20%%&#8220; link_color=&#8220;#000000&#8243; separator_color=&#8220;#000000&#8243; current_text_color=&#8220;#000000&#8243; _builder_version=&#8220;4.9.7&#8243; _module_preset=&#8220;default&#8220; module_font=&#8220;Open Sans||||||||&#8220; text_orientation=&#8220;left&#8220; global_colors_info=&#8220;{}&#8220;][\/lwp_divi_breadcrumbs][\/et_pb_column][\/et_pb_row][et_pb_row _builder_version=&#8220;4.9.7&#8243; _module_preset=&#8220;default&#8220; width=&#8220;100%&#8220; width_tablet=&#8220;90%&#8220; width_phone=&#8220;&#8220; width_last_edited=&#8220;on|phone&#8220; custom_padding=&#8220;16px||16px||false|false&#8220; global_colors_info=&#8220;{}&#8220;][et_pb_column type=&#8220;4_4&#8243; _builder_version=&#8220;4.9.7&#8243; _module_preset=&#8220;default&#8220; global_colors_info=&#8220;{}&#8220;][et_pb_post_title meta=&#8220;off&#8220; featured_image=&#8220;off&#8220; module_class=&#8220;text-box-1&#8243; _builder_version=&#8220;4.9.7&#8243; _module_preset=&#8220;default&#8220; title_text_align=&#8220;center&#8220; global_colors_info=&#8220;{}&#8220;][\/et_pb_post_title][\/et_pb_column][\/et_pb_row][\/et_pb_section][et_pb_section fb_built=&#8220;1&#8243; disabled_on=&#8220;off|off|on&#8220; admin_label=&#8220;Sektion&#8220; _builder_version=&#8220;4.9.7&#8243; _module_preset=&#8220;default&#8220; custom_margin=&#8220;150px||||false|false&#8220; custom_margin_tablet=&#8220;130px||||false|false&#8220; custom_margin_phone=&#8220;100px||||false|false&#8220; custom_margin_last_edited=&#8220;on|phone&#8220; custom_padding=&#8220;0px||0px||false|false&#8220; da_disable_devices=&#8220;off|off|off&#8220; global_module=&#8220;2928&#8243; saved_tabs=&#8220;all&#8220; locked=&#8220;off&#8220; global_colors_info=&#8220;{}&#8220; da_is_popup=&#8220;off&#8220; da_exit_intent=&#8220;off&#8220; da_has_close=&#8220;on&#8220; da_alt_close=&#8220;off&#8220; da_dark_close=&#8220;off&#8220; da_not_modal=&#8220;on&#8220; da_is_singular=&#8220;off&#8220; da_with_loader=&#8220;off&#8220; da_has_shadow=&#8220;on&#8220;][et_pb_row _builder_version=&#8220;4.9.7&#8243; _module_preset=&#8220;default&#8220; width=&#8220;100%&#8220; width_tablet=&#8220;90%&#8220; width_phone=&#8220;&#8220; width_last_edited=&#8220;on|phone&#8220; custom_padding=&#8220;16px||16px||false|false&#8220; global_colors_info=&#8220;{}&#8220;][et_pb_column type=&#8220;4_4&#8243; _builder_version=&#8220;4.9.7&#8243; _module_preset=&#8220;default&#8220; global_colors_info=&#8220;{}&#8220;][et_pb_post_title meta=&#8220;off&#8220; featured_image=&#8220;off&#8220; module_class=&#8220;text-box-1&#8243; _builder_version=&#8220;4.9.7&#8243; _module_preset=&#8220;default&#8220; title_text_align=&#8220;center&#8220; global_colors_info=&#8220;{}&#8220;][\/et_pb_post_title][\/et_pb_column][\/et_pb_row][\/et_pb_section][et_pb_section fb_built=&#8220;1&#8243; custom_padding_last_edited=&#8220;on|phone&#8220; disabled_on=&#8220;on|on|off&#8220; _builder_version=&#8220;4.9.7&#8243; _module_preset=&#8220;default&#8220; background_color=&#8220;#e7f2d0&#8243; custom_padding=&#8220;48px||200px||false|false&#8220; custom_padding_tablet=&#8220;32px||160px||false|false&#8220; custom_padding_phone=&#8220;||100px||false|false&#8220; da_disable_devices=&#8220;off|off|off&#8220; locked=&#8220;off&#8220; global_colors_info=&#8220;{}&#8220; da_is_popup=&#8220;off&#8220; da_exit_intent=&#8220;off&#8220; da_has_close=&#8220;on&#8220; da_alt_close=&#8220;off&#8220; da_dark_close=&#8220;off&#8220; da_not_modal=&#8220;on&#8220; da_is_singular=&#8220;off&#8220; da_with_loader=&#8220;off&#8220; da_has_shadow=&#8220;on&#8220;][et_pb_row custom_padding_last_edited=&#8220;on|phone&#8220; _builder_version=&#8220;4.9.7&#8243; _module_preset=&#8220;default&#8220; width=&#8220;100%&#8220; width_tablet=&#8220;90%&#8220; width_phone=&#8220;&#8220; width_last_edited=&#8220;on|phone&#8220; custom_padding=&#8220;0px||80px||false|false&#8220; custom_padding_tablet=&#8220;||0px||false|false&#8220; custom_padding_phone=&#8220;||0px||false|false&#8220; global_colors_info=&#8220;{}&#8220;][et_pb_column type=&#8220;4_4&#8243; _builder_version=&#8220;4.9.7&#8243; _module_preset=&#8220;default&#8220; global_colors_info=&#8220;{}&#8220;][et_pb_text module_class=&#8220;header-subtext-1&#8243; _builder_version=&#8220;4.9.7&#8243; _module_preset=&#8220;default&#8220; max_width=&#8220;950px&#8220; module_alignment=&#8220;center&#8220; locked=&#8220;off&#8220; global_colors_info=&#8220;{}&#8220;]<\/p>\n<p style=\"text-align: center;\">Muraplast d.o.o. produziert, druckt, konfektioniert und laminiert Polyethylen-Folien.<\/p>\n<p>[\/et_pb_text][\/et_pb_column][\/et_pb_row][\/et_pb_section][et_pb_section fb_built=&#8220;1&#8243; disabled_on=&#8220;on|on|off&#8220; _builder_version=&#8220;4.9.7&#8243; _module_preset=&#8220;default&#8220; custom_padding=&#8220;0px||0px||false|false&#8220; da_disable_devices=&#8220;off|off|off&#8220; locked=&#8220;off&#8220; global_colors_info=&#8220;{}&#8220; da_is_popup=&#8220;off&#8220; da_exit_intent=&#8220;off&#8220; da_has_close=&#8220;on&#8220; da_alt_close=&#8220;off&#8220; da_dark_close=&#8220;off&#8220; da_not_modal=&#8220;on&#8220; da_is_singular=&#8220;off&#8220; da_with_loader=&#8220;off&#8220; da_has_shadow=&#8220;on&#8220;][et_pb_row _builder_version=&#8220;4.9.7&#8243; _module_preset=&#8220;default&#8220; width=&#8220;100%&#8220; width_tablet=&#8220;90%&#8220; width_phone=&#8220;&#8220; width_last_edited=&#8220;on|phone&#8220; custom_padding=&#8220;16px||16px||false|false&#8220; global_colors_info=&#8220;{}&#8220;][et_pb_column type=&#8220;4_4&#8243; _builder_version=&#8220;4.9.7&#8243; _module_preset=&#8220;default&#8220; global_colors_info=&#8220;{}&#8220;][et_pb_image src=&#8220;https:\/\/muraplast.com\/wp-content\/uploads\/2021\/08\/Muraplast-air-test-d.jpg&#8220; alt=&#8220;Muraplast certifikati&#8220; title_text=&#8220;Muraplast-air-test-d&#8220; _builder_version=&#8220;4.9.7&#8243; _module_preset=&#8220;default&#8220; max_height=&#8220;384px&#8220; custom_margin=&#8220;-180px||||false|false&#8220; custom_margin_tablet=&#8220;-140px||||false|false&#8220; custom_margin_phone=&#8220;-80px||||false|false&#8220; custom_margin_last_edited=&#8220;on|tablet&#8220; global_colors_info=&#8220;{}&#8220;][\/et_pb_image][\/et_pb_column][\/et_pb_row][\/et_pb_section][et_pb_section fb_built=&#8220;1&#8243; custom_padding_last_edited=&#8220;on|tablet&#8220; disabled_on=&#8220;off|off|on&#8220; _builder_version=&#8220;4.9.7&#8243; _module_preset=&#8220;default&#8220; background_color=&#8220;#e7f2d0&#8243; custom_padding=&#8220;48px||1px||false|false&#8220; custom_padding_tablet=&#8220;32px||30%||false|false&#8220; custom_padding_phone=&#8220;||32%||false|false&#8220; da_disable_devices=&#8220;off|off|off&#8220; locked=&#8220;off&#8220; global_colors_info=&#8220;{}&#8220; da_is_popup=&#8220;off&#8220; da_exit_intent=&#8220;off&#8220; da_has_close=&#8220;on&#8220; da_alt_close=&#8220;off&#8220; da_dark_close=&#8220;off&#8220; da_not_modal=&#8220;on&#8220; da_is_singular=&#8220;off&#8220; da_with_loader=&#8220;off&#8220; da_has_shadow=&#8220;on&#8220;][et_pb_row custom_padding_last_edited=&#8220;on|phone&#8220; _builder_version=&#8220;4.9.7&#8243; _module_preset=&#8220;default&#8220; width=&#8220;100%&#8220; width_tablet=&#8220;90%&#8220; width_phone=&#8220;&#8220; width_last_edited=&#8220;on|phone&#8220; custom_padding=&#8220;0px||80px||false|false&#8220; custom_padding_tablet=&#8220;||0px||false|false&#8220; custom_padding_phone=&#8220;||0px||false|false&#8220; global_colors_info=&#8220;{}&#8220;][et_pb_column type=&#8220;4_4&#8243; _builder_version=&#8220;4.9.7&#8243; _module_preset=&#8220;default&#8220; global_colors_info=&#8220;{}&#8220;][et_pb_text module_class=&#8220;header-subtext-1&#8243; _builder_version=&#8220;4.9.7&#8243; _module_preset=&#8220;default&#8220; max_width=&#8220;950px&#8220; module_alignment=&#8220;center&#8220; locked=&#8220;off&#8220; global_colors_info=&#8220;{}&#8220;]<\/p>\n<p style=\"text-align: center;\">Muraplast d.o.o. produziert, druckt, konfektioniert und laminiert Polyethylen-Folien.<\/p>\n<p>[\/et_pb_text][\/et_pb_column][\/et_pb_row][\/et_pb_section][et_pb_section fb_built=&#8220;1&#8243; disabled_on=&#8220;off|off|on&#8220; _builder_version=&#8220;4.9.7&#8243; _module_preset=&#8220;default&#8220; background_enable_image=&#8220;off&#8220; custom_margin=&#8220;24px||||false|false&#8220; custom_padding=&#8220;0px||0px||false|false&#8220; da_disable_devices=&#8220;off|off|off&#8220; locked=&#8220;off&#8220; global_colors_info=&#8220;{}&#8220; da_is_popup=&#8220;off&#8220; da_exit_intent=&#8220;off&#8220; da_has_close=&#8220;on&#8220; da_alt_close=&#8220;off&#8220; da_dark_close=&#8220;off&#8220; da_not_modal=&#8220;on&#8220; da_is_singular=&#8220;off&#8220; da_with_loader=&#8220;off&#8220; da_has_shadow=&#8220;on&#8220;][et_pb_row _builder_version=&#8220;4.9.7&#8243; _module_preset=&#8220;default&#8220; width=&#8220;90%&#8220; module_alignment=&#8220;center&#8220; custom_padding=&#8220;16px||16px||false|false&#8220; global_colors_info=&#8220;{}&#8220;][et_pb_column type=&#8220;4_4&#8243; _builder_version=&#8220;4.9.7&#8243; _module_preset=&#8220;default&#8220; global_colors_info=&#8220;{}&#8220;][et_pb_gallery gallery_ids=&#8220;7086&#8243; fullwidth=&#8220;on&#8220; _builder_version=&#8220;4.9.7&#8243; _module_preset=&#8220;default&#8220; module_alignment=&#8220;center&#8220; custom_margin=&#8220;-110px||||false|false&#8220; custom_margin_tablet=&#8220;-34%||||false|false&#8220; custom_margin_phone=&#8220;-39%||||false|false&#8220; custom_margin_last_edited=&#8220;on|tablet&#8220; border_radii=&#8220;on|8px|8px|8px|8px&#8220; global_colors_info=&#8220;{}&#8220;][\/et_pb_gallery][\/et_pb_column][\/et_pb_row][\/et_pb_section][et_pb_section fb_built=&#8220;1&#8243; disabled_on=&#8220;off|off|off&#8220; _builder_version=&#8220;4.9.7&#8243; _module_preset=&#8220;default&#8220; background_enable_image=&#8220;off&#8220; custom_margin=&#8220;64px||48px||false|false&#8220; custom_margin_tablet=&#8220;0px||30px||false|false&#8220; custom_margin_phone=&#8220;&#8220; custom_margin_last_edited=&#8220;on|phone&#8220; custom_padding=&#8220;0px||0px||false|false&#8220; da_disable_devices=&#8220;off|off|off&#8220; locked=&#8220;off&#8220; global_colors_info=&#8220;{}&#8220; da_is_popup=&#8220;off&#8220; da_exit_intent=&#8220;off&#8220; da_has_close=&#8220;on&#8220; da_alt_close=&#8220;off&#8220; da_dark_close=&#8220;off&#8220; da_not_modal=&#8220;on&#8220; da_is_singular=&#8220;off&#8220; da_with_loader=&#8220;off&#8220; da_has_shadow=&#8220;on&#8220;][et_pb_row custom_padding_last_edited=&#8220;on|desktop&#8220; _builder_version=&#8220;4.9.7&#8243; _module_preset=&#8220;default&#8220; width=&#8220;90%&#8220; custom_padding=&#8220;||0px||false|false&#8220; custom_padding_tablet=&#8220;&#8220; custom_padding_phone=&#8220;&#8220; locked=&#8220;off&#8220; global_colors_info=&#8220;{}&#8220;][et_pb_column type=&#8220;4_4&#8243; _builder_version=&#8220;4.9.7&#8243; _module_preset=&#8220;default&#8220; custom_padding_tablet=&#8220;||60px||false|false&#8220; custom_padding_phone=&#8220;||30px||false|false&#8220; custom_padding_last_edited=&#8220;on|phone&#8220; global_colors_info=&#8220;{}&#8220;][et_pb_text ul_item_indent=&#8220;40px&#8220; module_class=&#8220;text-box-2&#8243; _builder_version=&#8220;4.9.7&#8243; _module_preset=&#8220;default&#8220; module_alignment=&#8220;center&#8220; locked=&#8220;off&#8220; global_colors_info=&#8220;{}&#8220;]<\/p>\n<h3>Unsere Mission<\/h3>\n<p>Mit Flexibilit\u00e4t, Umweltschutz, Gesundheits- und Sicherheitsvorkehrungen, und energischem Engagement f\u00fcr die Kunden ein \u00fcberlegenes Produkt mit dem Einsatz modernster Technik anbieten.<\/p>\n<h3>Unsere Vision<\/h3>\n<p>Sich zu einem der gr\u00f6\u00dften zentraleurop\u00e4ischen Unternehmen mit einem abgerundeten Sortiment von Verpackung zu entwickeln.<\/p>\n<h3><\/h3>\n<h3>Um das zu erreichen, zu erhalten und zu verbessern, verpflichten wir uns dauerhaft den folgenden Zielen:<\/h3>\n<ul>\n<li>Volle Zufriedenheit unserer Kunden: durch offene Kommunikation, \u00dcberwachung und Analyse der Kundenzufriedenheit und der Beschwerden<\/li>\n<li>Rechtzeitige Lieferung, durch die Anwendung der besten verf\u00fcgbaren und umweltfreundlichsten Ressourcen, Technologien und Prozesse<\/li>\n<li>Unsere Mitarbeiter weiter zu schulen und ihnen den Bedarf an der Verwirklichung gesetzter Ziele und Qualit\u00e4tsmanagementpolitik, Umweltschutz und Sicherheit bewusst zu machen<\/li>\n<li>Immer versuchen allt\u00e4gliche Aufgaben ohne Fehler auszuf\u00fchren, und falls diese doch aufkommen, alle notwendigen Ma\u00dfnahmen zu ergreifen, um sie zu l\u00f6sen, wie auch die Entstehung von neuen Fehlern zu verhindern<\/li>\n<li>Aufbau langfristiger Beziehungen mit Gesch\u00e4ftspartnern und Kunden, Pflegung einer positiven \u00f6ffentlichen Wahrnehmung des Unternehmens<\/li>\n<li>Die dauerhafte Erf\u00fcllung der Bed\u00fcrfnisse und Erwartungen aller Beteiligten<\/li>\n<li>Koordinierung von Operationen und Prozessen mit den einschl\u00e4gigen gesetzlichen und sonstigen Anforderungen (Harmonisierungsverpflichtung)<\/li>\n<li>St\u00e4ndig die Abwicklung aller Gesch\u00e4ftsprozesse zu \u00fcberwachen, um sofort die Ursachen der tats\u00e4chlichen oder potenziellen Reduzierung von Qualit\u00e4t, Zuverl\u00e4ssigkeit und Sicherheit zu beseitigen<\/li>\n<li>Voll und ganz auf die Vermeidung von Umweltverschmutzung, sowie die Bereitstellung sicherer und gesunder Arbeitsbedingungen f\u00fcr die Pr\u00e4vention von Verletzungen und Berufskrankheiten zu achten<\/li>\n<li>Kontinuierliche Verbesserung der Qualit\u00e4t von Produkten und Systemen f\u00fcr das Management von Qualit\u00e4t, Umwelt, Mitarbeiter- und Produktsicherheit<\/li>\n<li>Gew\u00e4hrleistung der M\u00f6glichkeit der R\u00fccksprache und Teilnahme von Arbeitnehmern zu allen Sicherheits- und Gesundheitsfragen<\/li>\n<li>Der BRC-Standard ist dem Standort Muraplast d.o.o., Sajmi\u0161na 16, Halle 3 mit zugeh\u00f6rigen Einrichtungen zugeteilt und erf\u00fcllt die Verpflichtung zur Herstellung sicherer und gesetzeskonformer Produkte &#8211; Herstellung von Polyethylenfolien durch Extrusion, Flexodruck, Laminierung und Schneiden flexibler Verpackungen f\u00fcr Lebensmittel und Hygieneprodukte<\/li>\n<li>Anwendung guter Herstellungspraxis bei der Herstellung von Verpackungen f\u00fcr Lebensmittelkontakt, um nicht die menschliche Gesundheit zu gef\u00e4hrden, inakzeptable \u00c4nderungen der Lebensmittelzusammensetzung zu verursachen und die sensorischen Eigenschaften von Lebensmitteln zu verschlechtern<\/li>\n<li>Anwendung und Verbesserung der Wirksamkeit von Qualit\u00e4ts-, Umwelt-, Arbeitssicherheits- und Produktsicherheitsmanagementsystemen basierend auf den Anforderungen von ISO 9001:2015, ISO 14001:2015, ISO 45001:2018, ISO 22000:2006 und den technischen Spezifikationen von ISO \/ TS 22002-4:2013, sowie den zus\u00e4tzlichen Anforderungen von FSSC 22000, FSC CoC und BRC Global Standard for Packaging Materials, Ausgabe 6, August 2019, sowie Anstrengungen, diese Anforderungen zu \u00fcberragen und die Gesch\u00e4ftskontinuit\u00e4t beim Auftreten von unerw\u00fcnschten Ereignissen sicherzustellen, basiert auf ISO 22301:2012<\/li>\n<li>Alle unsere Produkte die wir auf den Markt bringen m\u00fcssen sicher, zirkul\u00e4r und nachhaltig sein.<\/li>\n<\/ul>\n<p>&nbsp;<\/p>\n<p>28.02.2022<\/p>\n<p>&nbsp;<\/p>\n<p>[\/et_pb_text][\/et_pb_column][\/et_pb_row][\/et_pb_section]<\/p>\n","protected":false},"excerpt":{"rendered":"<p><div class=\"et_pb_module lwp_divi_breadcrumbs lwp_divi_breadcrumbs_0\">\n\t\t\t\t\n\t\t\t\t\n\t\t\t\t\n\t\t\t\t\n\t\t\t\t<div class=\"et_pb_module_inner\">\n\t\t\t\t\t<div class=\"lwp-breadcrumbs\"> <span class=\"before\"><\/span> <span vocab=\"https:\/\/schema.org\/\" typeof=\"BreadcrumbList\"><span property=\"itemListElement\" typeof=\"ListItem\"><a property=\"item\" typeof=\"WebPage\" href=\"https:\/\/muraplast.com\/de\/\" class=\"home\"><span property=\"name\">Titelseite<\/span><\/a><meta property=\"position\" content=\"1\"><\/span> <span class=\"separator et-pb-icon\">&amp;#x35;<\/span> <\/span><\/div>\n\t\t\t\t<\/div>\n\t\t\t<\/div>Muraplast d.o.o. produziert, druckt, konfektioniert und laminiert Polyethylen-Folien.Muraplast d.o.o. produziert, druckt, konfektioniert und laminiert Polyethylen-Folien.Unsere Mission Mit Flexibilit\u00e4t, Umweltschutz, Gesundheits- und Sicherheitsvorkehrungen, und energischem Engagement f\u00fcr die Kunden ein \u00fcberlegenes Produkt mit dem Einsatz modernster Technik anbieten. Unsere Vision Sich zu einem der gr\u00f6\u00dften [&hellip;]<\/p>\n","protected":false},"author":2,"featured_media":0,"parent":579,"menu_order":0,"comment_status":"closed","ping_status":"closed","template":"","meta":{"_et_pb_use_builder":"on","_et_pb_old_content":"","_et_gb_content_width":"","footnotes":""},"class_list":["post-1021","page","type-page","status-publish","hentry"],"yoast_head":"<!-- This site is optimized with the Yoast SEO plugin v17.9 - https:\/\/yoast.com\/wordpress\/plugins\/seo\/ -->\n<title>Politik | Muraplast d.o.o.<\/title>\n<meta name=\"description\" content=\"Die Politik des Qualit\u00e4ts-, Umwelts- und Sicherheitsmanagements. Lesen Sie hier mehr Informationen \u00fcber unsere Qualit\u00e4tsmanagementspolitik!\" \/>\n<meta name=\"robots\" content=\"index, follow, max-snippet:-1, max-image-preview:large, max-video-preview:-1\" \/>\n<link rel=\"canonical\" href=\"https:\/\/muraplast.com\/de\/muraplast\/politik\/\" \/>\n<meta property=\"og:locale\" content=\"de_DE\" \/>\n<meta property=\"og:type\" content=\"article\" \/>\n<meta property=\"og:title\" content=\"Politik | Muraplast d.o.o.\" \/>\n<meta property=\"og:description\" content=\"Die Politik des Qualit\u00e4ts-, Umwelts- und Sicherheitsmanagements. Lesen Sie hier mehr Informationen \u00fcber unsere Qualit\u00e4tsmanagementspolitik!\" \/>\n<meta property=\"og:url\" content=\"https:\/\/muraplast.com\/de\/muraplast\/politik\/\" \/>\n<meta property=\"og:site_name\" content=\"Muraplast d.o.o.\" \/>\n<meta property=\"article:modified_time\" content=\"2022-03-11T10:47:23+00:00\" \/>\n<meta property=\"og:image\" content=\"https:\/\/muraplast.com\/wp-content\/uploads\/2021\/07\/Muraplast-logo.png\" \/>\n\t<meta property=\"og:image:width\" content=\"141\" \/>\n\t<meta property=\"og:image:height\" content=\"93\" \/>\n\t<meta property=\"og:image:type\" content=\"image\/png\" \/>\n<meta name=\"twitter:card\" content=\"summary_large_image\" \/>\n<meta name=\"twitter:label1\" content=\"Gesch\u00e4tzte Lesezeit\" \/>\n\t<meta name=\"twitter:data1\" content=\"3\u00a0Minuten\" \/>\n<script type=\"application\/ld+json\" class=\"yoast-schema-graph\">{\"@context\":\"https:\/\/schema.org\",\"@graph\":[{\"@type\":\"Organization\",\"@id\":\"https:\/\/muraplast.com\/en\/#organization\",\"name\":\"Muraplast\",\"url\":\"https:\/\/muraplast.com\/en\/\",\"sameAs\":[],\"logo\":{\"@type\":\"ImageObject\",\"@id\":\"https:\/\/muraplast.com\/en\/#logo\",\"inLanguage\":\"de\",\"url\":\"https:\/\/muraplast.com\/wp-content\/uploads\/2021\/07\/Muraplast-logo.png\",\"contentUrl\":\"https:\/\/muraplast.com\/wp-content\/uploads\/2021\/07\/Muraplast-logo.png\",\"width\":141,\"height\":93,\"caption\":\"Muraplast\"},\"image\":{\"@id\":\"https:\/\/muraplast.com\/en\/#logo\"}},{\"@type\":\"WebSite\",\"@id\":\"https:\/\/muraplast.com\/en\/#website\",\"url\":\"https:\/\/muraplast.com\/en\/\",\"name\":\"Muraplast d.o.o.\",\"description\":\"ekstruzija, fleksotisak, konverzija\",\"publisher\":{\"@id\":\"https:\/\/muraplast.com\/en\/#organization\"},\"potentialAction\":[{\"@type\":\"SearchAction\",\"target\":{\"@type\":\"EntryPoint\",\"urlTemplate\":\"https:\/\/muraplast.com\/en\/?s={search_term_string}\"},\"query-input\":\"required name=search_term_string\"}],\"inLanguage\":\"de\"},{\"@type\":\"WebPage\",\"@id\":\"https:\/\/muraplast.com\/de\/muraplast\/politik\/#webpage\",\"url\":\"https:\/\/muraplast.com\/de\/muraplast\/politik\/\",\"name\":\"Politik | Muraplast d.o.o.\",\"isPartOf\":{\"@id\":\"https:\/\/muraplast.com\/en\/#website\"},\"datePublished\":\"2021-07-28T09:07:36+00:00\",\"dateModified\":\"2022-03-11T10:47:23+00:00\",\"description\":\"Die Politik des Qualit\\u00e4ts-, Umwelts- und Sicherheitsmanagements. Lesen Sie hier mehr Informationen \\u00fcber unsere Qualit\\u00e4tsmanagementspolitik!\",\"breadcrumb\":{\"@id\":\"https:\/\/muraplast.com\/de\/muraplast\/politik\/#breadcrumb\"},\"inLanguage\":\"de\",\"potentialAction\":[{\"@type\":\"ReadAction\",\"target\":[\"https:\/\/muraplast.com\/de\/muraplast\/politik\/\"]}]},{\"@type\":\"BreadcrumbList\",\"@id\":\"https:\/\/muraplast.com\/de\/muraplast\/politik\/#breadcrumb\",\"itemListElement\":[{\"@type\":\"ListItem\",\"position\":1,\"name\":\"Po\\u010detna stranica\",\"item\":\"https:\/\/muraplast.com\/de\/\"},{\"@type\":\"ListItem\",\"position\":2,\"name\":\"Muraplast\",\"item\":\"https:\/\/muraplast.com\/de\/muraplast\/\"},{\"@type\":\"ListItem\",\"position\":3,\"name\":\"Politik\"}]}]}<\/script>\n<!-- \/ Yoast SEO plugin. -->","yoast_head_json":{"title":"Politik | Muraplast d.o.o.","description":"Die Politik des Qualit\u00e4ts-, Umwelts- und Sicherheitsmanagements. Lesen Sie hier mehr Informationen \u00fcber unsere Qualit\u00e4tsmanagementspolitik!","robots":{"index":"index","follow":"follow","max-snippet":"max-snippet:-1","max-image-preview":"max-image-preview:large","max-video-preview":"max-video-preview:-1"},"canonical":"https:\/\/muraplast.com\/de\/muraplast\/politik\/","og_locale":"de_DE","og_type":"article","og_title":"Politik | Muraplast d.o.o.","og_description":"Die Politik des Qualit\u00e4ts-, Umwelts- und Sicherheitsmanagements. Lesen Sie hier mehr Informationen \u00fcber unsere Qualit\u00e4tsmanagementspolitik!","og_url":"https:\/\/muraplast.com\/de\/muraplast\/politik\/","og_site_name":"Muraplast d.o.o.","article_modified_time":"2022-03-11T10:47:23+00:00","og_image":[{"width":141,"height":93,"url":"https:\/\/muraplast.com\/wp-content\/uploads\/2021\/07\/Muraplast-logo.png","type":"image\/png"}],"twitter_card":"summary_large_image","twitter_misc":{"Gesch\u00e4tzte Lesezeit":"3\u00a0Minuten"},"schema":{"@context":"https:\/\/schema.org","@graph":[{"@type":"Organization","@id":"https:\/\/muraplast.com\/en\/#organization","name":"Muraplast","url":"https:\/\/muraplast.com\/en\/","sameAs":[],"logo":{"@type":"ImageObject","@id":"https:\/\/muraplast.com\/en\/#logo","inLanguage":"de","url":"https:\/\/muraplast.com\/wp-content\/uploads\/2021\/07\/Muraplast-logo.png","contentUrl":"https:\/\/muraplast.com\/wp-content\/uploads\/2021\/07\/Muraplast-logo.png","width":141,"height":93,"caption":"Muraplast"},"image":{"@id":"https:\/\/muraplast.com\/en\/#logo"}},{"@type":"WebSite","@id":"https:\/\/muraplast.com\/en\/#website","url":"https:\/\/muraplast.com\/en\/","name":"Muraplast d.o.o.","description":"ekstruzija, fleksotisak, konverzija","publisher":{"@id":"https:\/\/muraplast.com\/en\/#organization"},"potentialAction":[{"@type":"SearchAction","target":{"@type":"EntryPoint","urlTemplate":"https:\/\/muraplast.com\/en\/?s={search_term_string}"},"query-input":"required name=search_term_string"}],"inLanguage":"de"},{"@type":"WebPage","@id":"https:\/\/muraplast.com\/de\/muraplast\/politik\/#webpage","url":"https:\/\/muraplast.com\/de\/muraplast\/politik\/","name":"Politik | Muraplast d.o.o.","isPartOf":{"@id":"https:\/\/muraplast.com\/en\/#website"},"datePublished":"2021-07-28T09:07:36+00:00","dateModified":"2022-03-11T10:47:23+00:00","description":"Die Politik des Qualit\u00e4ts-, Umwelts- und Sicherheitsmanagements. Lesen Sie hier mehr Informationen \u00fcber unsere Qualit\u00e4tsmanagementspolitik!","breadcrumb":{"@id":"https:\/\/muraplast.com\/de\/muraplast\/politik\/#breadcrumb"},"inLanguage":"de","potentialAction":[{"@type":"ReadAction","target":["https:\/\/muraplast.com\/de\/muraplast\/politik\/"]}]},{"@type":"BreadcrumbList","@id":"https:\/\/muraplast.com\/de\/muraplast\/politik\/#breadcrumb","itemListElement":[{"@type":"ListItem","position":1,"name":"Po\u010detna stranica","item":"https:\/\/muraplast.com\/de\/"},{"@type":"ListItem","position":2,"name":"Muraplast","item":"https:\/\/muraplast.com\/de\/muraplast\/"},{"@type":"ListItem","position":3,"name":"Politik"}]}]}},"_links":{"self":[{"href":"https:\/\/muraplast.com\/de\/wp-json\/wp\/v2\/pages\/1021","targetHints":{"allow":["GET"]}}],"collection":[{"href":"https:\/\/muraplast.com\/de\/wp-json\/wp\/v2\/pages"}],"about":[{"href":"https:\/\/muraplast.com\/de\/wp-json\/wp\/v2\/types\/page"}],"author":[{"embeddable":true,"href":"https:\/\/muraplast.com\/de\/wp-json\/wp\/v2\/users\/2"}],"replies":[{"embeddable":true,"href":"https:\/\/muraplast.com\/de\/wp-json\/wp\/v2\/comments?post=1021"}],"version-history":[{"count":9,"href":"https:\/\/muraplast.com\/de\/wp-json\/wp\/v2\/pages\/1021\/revisions"}],"predecessor-version":[{"id":11567,"href":"https:\/\/muraplast.com\/de\/wp-json\/wp\/v2\/pages\/1021\/revisions\/11567"}],"up":[{"embeddable":true,"href":"https:\/\/muraplast.com\/de\/wp-json\/wp\/v2\/pages\/579"}],"wp:attachment":[{"href":"https:\/\/muraplast.com\/de\/wp-json\/wp\/v2\/media?parent=1021"}],"curies":[{"name":"wp","href":"https:\/\/api.w.org\/{rel}","templated":true}]}}