{"id":485,"date":"2021-07-14T14:37:53","date_gmt":"2021-07-14T12:37:53","guid":{"rendered":"https:\/\/muraplast.com\/?page_id=485"},"modified":"2022-05-02T11:43:02","modified_gmt":"2022-05-02T09:43:02","slug":"okologie","status":"publish","type":"page","link":"https:\/\/muraplast.com\/de\/technologie\/okologie\/","title":{"rendered":"\u00d6kologie"},"content":{"rendered":"<p>[et_pb_section fb_built=&#8220;1&#8243; disabled_on=&#8220;on|on|off&#8220; _builder_version=&#8220;4.9.7&#8243; _module_preset=&#8220;default&#8220; custom_margin=&#8220;150px||||false|false&#8220; custom_margin_tablet=&#8220;130px||||false|false&#8220; custom_margin_phone=&#8220;100px||||false|false&#8220; custom_margin_last_edited=&#8220;on|phone&#8220; custom_padding=&#8220;0px||0px||false|false&#8220; da_disable_devices=&#8220;off|off|off&#8220; global_module=&#8220;2927&#8243; saved_tabs=&#8220;all&#8220; locked=&#8220;off&#8220; global_colors_info=&#8220;{}&#8220; da_is_popup=&#8220;off&#8220; da_exit_intent=&#8220;off&#8220; da_has_close=&#8220;on&#8220; da_alt_close=&#8220;off&#8220; da_dark_close=&#8220;off&#8220; da_not_modal=&#8220;on&#8220; da_is_singular=&#8220;off&#8220; da_with_loader=&#8220;off&#8220; da_has_shadow=&#8220;on&#8220;][et_pb_row _builder_version=&#8220;4.9.7&#8243; _module_preset=&#8220;default&#8220; width=&#8220;100%&#8220; width_tablet=&#8220;90%&#8220; width_phone=&#8220;&#8220; width_last_edited=&#8220;on|phone&#8220; custom_padding=&#8220;8px||0px||false|false&#8220; global_colors_info=&#8220;{}&#8220;][et_pb_column type=&#8220;4_4&#8243; _builder_version=&#8220;4.9.7&#8243; _module_preset=&#8220;default&#8220; global_colors_info=&#8220;{}&#8220;][lwp_divi_breadcrumbs home_text=&#8220;Titelseite&#8220; font_icon=&#8220;%%20%%&#8220; link_color=&#8220;#000000&#8243; separator_color=&#8220;#000000&#8243; current_text_color=&#8220;#000000&#8243; _builder_version=&#8220;4.9.7&#8243; _module_preset=&#8220;default&#8220; module_font=&#8220;Open Sans||||||||&#8220; text_orientation=&#8220;left&#8220; global_colors_info=&#8220;{}&#8220;][\/lwp_divi_breadcrumbs][\/et_pb_column][\/et_pb_row][et_pb_row _builder_version=&#8220;4.9.7&#8243; _module_preset=&#8220;default&#8220; width=&#8220;100%&#8220; width_tablet=&#8220;90%&#8220; width_phone=&#8220;&#8220; width_last_edited=&#8220;on|phone&#8220; custom_padding=&#8220;16px||16px||false|false&#8220; global_colors_info=&#8220;{}&#8220;][et_pb_column type=&#8220;4_4&#8243; _builder_version=&#8220;4.9.7&#8243; _module_preset=&#8220;default&#8220; global_colors_info=&#8220;{}&#8220;][et_pb_post_title meta=&#8220;off&#8220; featured_image=&#8220;off&#8220; module_class=&#8220;text-box-1&#8243; _builder_version=&#8220;4.9.7&#8243; _module_preset=&#8220;default&#8220; title_text_align=&#8220;center&#8220; global_colors_info=&#8220;{}&#8220;][\/et_pb_post_title][\/et_pb_column][\/et_pb_row][\/et_pb_section][et_pb_section fb_built=&#8220;1&#8243; disabled_on=&#8220;off|off|on&#8220; admin_label=&#8220;Sektion&#8220; _builder_version=&#8220;4.9.7&#8243; _module_preset=&#8220;default&#8220; custom_margin=&#8220;150px||||false|false&#8220; custom_margin_tablet=&#8220;130px||||false|false&#8220; custom_margin_phone=&#8220;100px||||false|false&#8220; custom_margin_last_edited=&#8220;on|phone&#8220; custom_padding=&#8220;0px||0px||false|false&#8220; da_disable_devices=&#8220;off|off|off&#8220; global_module=&#8220;2928&#8243; saved_tabs=&#8220;all&#8220; locked=&#8220;off&#8220; global_colors_info=&#8220;{}&#8220; da_is_popup=&#8220;off&#8220; da_exit_intent=&#8220;off&#8220; da_has_close=&#8220;on&#8220; da_alt_close=&#8220;off&#8220; da_dark_close=&#8220;off&#8220; da_not_modal=&#8220;on&#8220; da_is_singular=&#8220;off&#8220; da_with_loader=&#8220;off&#8220; da_has_shadow=&#8220;on&#8220;][et_pb_row _builder_version=&#8220;4.9.7&#8243; _module_preset=&#8220;default&#8220; width=&#8220;100%&#8220; width_tablet=&#8220;90%&#8220; width_phone=&#8220;&#8220; width_last_edited=&#8220;on|phone&#8220; custom_padding=&#8220;16px||16px||false|false&#8220; global_colors_info=&#8220;{}&#8220;][et_pb_column type=&#8220;4_4&#8243; _builder_version=&#8220;4.9.7&#8243; _module_preset=&#8220;default&#8220; global_colors_info=&#8220;{}&#8220;][et_pb_post_title meta=&#8220;off&#8220; featured_image=&#8220;off&#8220; module_class=&#8220;text-box-1&#8243; _builder_version=&#8220;4.9.7&#8243; _module_preset=&#8220;default&#8220; title_text_align=&#8220;center&#8220; global_colors_info=&#8220;{}&#8220;][\/et_pb_post_title][\/et_pb_column][\/et_pb_row][\/et_pb_section][et_pb_section fb_built=&#8220;1&#8243; custom_padding_last_edited=&#8220;on|phone&#8220; disabled_on=&#8220;on|on|off&#8220; admin_label=&#8220;Section&#8220; _builder_version=&#8220;4.9.7&#8243; _module_preset=&#8220;default&#8220; background_color=&#8220;#e7f2d0&#8243; custom_padding=&#8220;48px||200px||false|false&#8220; custom_padding_tablet=&#8220;32px||160px||false|false&#8220; custom_padding_phone=&#8220;||100px||false|false&#8220; da_disable_devices=&#8220;off|off|off&#8220; locked=&#8220;off&#8220; global_colors_info=&#8220;{}&#8220; da_is_popup=&#8220;off&#8220; da_exit_intent=&#8220;off&#8220; da_has_close=&#8220;on&#8220; da_alt_close=&#8220;off&#8220; da_dark_close=&#8220;off&#8220; da_not_modal=&#8220;on&#8220; da_is_singular=&#8220;off&#8220; da_with_loader=&#8220;off&#8220; da_has_shadow=&#8220;on&#8220;][et_pb_row custom_padding_last_edited=&#8220;on|phone&#8220; _builder_version=&#8220;4.9.7&#8243; _module_preset=&#8220;default&#8220; width=&#8220;100%&#8220; width_tablet=&#8220;90%&#8220; width_phone=&#8220;&#8220; width_last_edited=&#8220;on|phone&#8220; custom_padding=&#8220;0px||80px||false|false&#8220; custom_padding_tablet=&#8220;||0px||false|false&#8220; custom_padding_phone=&#8220;||0px||false|false&#8220; global_colors_info=&#8220;{}&#8220;][et_pb_column type=&#8220;4_4&#8243; _builder_version=&#8220;4.9.7&#8243; _module_preset=&#8220;default&#8220; global_colors_info=&#8220;{}&#8220;][et_pb_text module_class=&#8220;header-subtext-1&#8243; _builder_version=&#8220;4.9.7&#8243; _module_preset=&#8220;default&#8220; max_width=&#8220;950px&#8220; module_alignment=&#8220;center&#8220; locked=&#8220;off&#8220; global_colors_info=&#8220;{}&#8220;]<\/p>\n<p style=\"text-align: center;\">Polyethylenfolie<\/p>\n<p>[\/et_pb_text][\/et_pb_column][\/et_pb_row][\/et_pb_section][et_pb_section fb_built=&#8220;1&#8243; disabled_on=&#8220;on|on|off&#8220; admin_label=&#8220;Section&#8220; _builder_version=&#8220;4.9.7&#8243; _module_preset=&#8220;default&#8220; custom_padding=&#8220;0px||0px||false|false&#8220; da_disable_devices=&#8220;off|off|off&#8220; locked=&#8220;off&#8220; global_colors_info=&#8220;{}&#8220; da_is_popup=&#8220;off&#8220; da_exit_intent=&#8220;off&#8220; da_has_close=&#8220;on&#8220; da_alt_close=&#8220;off&#8220; da_dark_close=&#8220;off&#8220; da_not_modal=&#8220;on&#8220; da_is_singular=&#8220;off&#8220; da_with_loader=&#8220;off&#8220; da_has_shadow=&#8220;on&#8220;][et_pb_row _builder_version=&#8220;4.9.7&#8243; _module_preset=&#8220;default&#8220; width=&#8220;100%&#8220; width_tablet=&#8220;90%&#8220; width_phone=&#8220;&#8220; width_last_edited=&#8220;on|phone&#8220; custom_padding=&#8220;16px||16px||false|false&#8220; global_colors_info=&#8220;{}&#8220;][et_pb_column type=&#8220;4_4&#8243; _builder_version=&#8220;4.9.7&#8243; _module_preset=&#8220;default&#8220; global_colors_info=&#8220;{}&#8220;][et_pb_image src=&#8220;https:\/\/muraplast.com\/wp-content\/uploads\/2022\/05\/Oekologie-1-c.jpg&#8220; alt=&#8220;Oekologie&#8220; title_text=&#8220;Oekologie&#8220; _builder_version=&#8220;4.14.6&#8243; _module_preset=&#8220;default&#8220; max_height=&#8220;384px&#8220; custom_margin=&#8220;-180px||||false|false&#8220; custom_margin_tablet=&#8220;-140px||||false|false&#8220; custom_margin_phone=&#8220;-80px||||false|false&#8220; custom_margin_last_edited=&#8220;on|tablet&#8220; hover_enabled=&#8220;0&#8243; global_colors_info=&#8220;{}&#8220; sticky_enabled=&#8220;0&#8243;][\/et_pb_image][\/et_pb_column][\/et_pb_row][\/et_pb_section][et_pb_section fb_built=&#8220;1&#8243; custom_padding_last_edited=&#8220;on|tablet&#8220; disabled_on=&#8220;off|off|on&#8220; _builder_version=&#8220;4.9.7&#8243; _module_preset=&#8220;default&#8220; background_color=&#8220;#e7f2d0&#8243; custom_padding=&#8220;48px||200px||false|false&#8220; custom_padding_tablet=&#8220;32px||30%||false|false&#8220; custom_padding_phone=&#8220;||32%||false|false&#8220; da_disable_devices=&#8220;off|off|off&#8220; locked=&#8220;off&#8220; global_colors_info=&#8220;{}&#8220; da_is_popup=&#8220;off&#8220; da_exit_intent=&#8220;off&#8220; da_has_close=&#8220;on&#8220; da_alt_close=&#8220;off&#8220; da_dark_close=&#8220;off&#8220; da_not_modal=&#8220;on&#8220; da_is_singular=&#8220;off&#8220; da_with_loader=&#8220;off&#8220; da_has_shadow=&#8220;on&#8220;][et_pb_row custom_padding_last_edited=&#8220;on|phone&#8220; _builder_version=&#8220;4.9.7&#8243; _module_preset=&#8220;default&#8220; width=&#8220;100%&#8220; width_tablet=&#8220;90%&#8220; width_phone=&#8220;&#8220; width_last_edited=&#8220;on|phone&#8220; custom_padding=&#8220;0px||80px||false|false&#8220; custom_padding_tablet=&#8220;||0px||false|false&#8220; custom_padding_phone=&#8220;||0px||false|false&#8220; global_colors_info=&#8220;{}&#8220;][et_pb_column type=&#8220;4_4&#8243; _builder_version=&#8220;4.9.7&#8243; _module_preset=&#8220;default&#8220; global_colors_info=&#8220;{}&#8220;][et_pb_text module_class=&#8220;header-subtext-1&#8243; _builder_version=&#8220;4.9.7&#8243; _module_preset=&#8220;default&#8220; max_width=&#8220;950px&#8220; module_alignment=&#8220;center&#8220; locked=&#8220;off&#8220; global_colors_info=&#8220;{}&#8220;]<\/p>\n<p style=\"text-align: center;\">Polyethylenfolie<\/p>\n<p>[\/et_pb_text][\/et_pb_column][\/et_pb_row][\/et_pb_section][et_pb_section fb_built=&#8220;1&#8243; disabled_on=&#8220;off|off|on&#8220; _builder_version=&#8220;4.9.7&#8243; _module_preset=&#8220;default&#8220; background_enable_image=&#8220;off&#8220; custom_margin=&#8220;24px||||false|false&#8220; custom_padding=&#8220;0px||0px||false|false&#8220; da_disable_devices=&#8220;off|off|off&#8220; locked=&#8220;off&#8220; global_colors_info=&#8220;{}&#8220; da_is_popup=&#8220;off&#8220; da_exit_intent=&#8220;off&#8220; da_has_close=&#8220;on&#8220; da_alt_close=&#8220;off&#8220; da_dark_close=&#8220;off&#8220; da_not_modal=&#8220;on&#8220; da_is_singular=&#8220;off&#8220; da_with_loader=&#8220;off&#8220; da_has_shadow=&#8220;on&#8220;][et_pb_row _builder_version=&#8220;4.9.7&#8243; _module_preset=&#8220;default&#8220; width=&#8220;90%&#8220; module_alignment=&#8220;center&#8220; custom_padding=&#8220;16px||16px||false|false&#8220; global_colors_info=&#8220;{}&#8220;][et_pb_column type=&#8220;4_4&#8243; _builder_version=&#8220;4.9.7&#8243; _module_preset=&#8220;default&#8220; global_colors_info=&#8220;{}&#8220;][et_pb_gallery fullwidth=&#8220;on&#8220; _builder_version=&#8220;4.14.6&#8243; _module_preset=&#8220;default&#8220; module_alignment=&#8220;center&#8220; custom_margin=&#8220;-110px||||false|false&#8220; custom_margin_tablet=&#8220;-34%||||false|false&#8220; custom_margin_phone=&#8220;-39%||||false|false&#8220; custom_margin_last_edited=&#8220;on|tablet&#8220; hover_enabled=&#8220;0&#8243; border_radii=&#8220;on|8px|8px|8px|8px&#8220; global_colors_info=&#8220;{}&#8220; gallery_ids=&#8220;11674&#8243; sticky_enabled=&#8220;0&#8243;][\/et_pb_gallery][\/et_pb_column][\/et_pb_row][\/et_pb_section][et_pb_section fb_built=&#8220;1&#8243; disabled_on=&#8220;off|off|off&#8220; _builder_version=&#8220;4.9.7&#8243; _module_preset=&#8220;default&#8220; background_enable_image=&#8220;off&#8220; custom_margin=&#8220;64px||48px||false|false&#8220; custom_margin_tablet=&#8220;0px||30px||false|false&#8220; custom_margin_phone=&#8220;&#8220; custom_margin_last_edited=&#8220;on|phone&#8220; custom_padding=&#8220;0px||0px||false|false&#8220; da_disable_devices=&#8220;off|off|off&#8220; locked=&#8220;off&#8220; global_colors_info=&#8220;{}&#8220; da_is_popup=&#8220;off&#8220; da_exit_intent=&#8220;off&#8220; da_has_close=&#8220;on&#8220; da_alt_close=&#8220;off&#8220; da_dark_close=&#8220;off&#8220; da_not_modal=&#8220;on&#8220; da_is_singular=&#8220;off&#8220; da_with_loader=&#8220;off&#8220; da_has_shadow=&#8220;on&#8220;][et_pb_row _builder_version=&#8220;4.9.7&#8243; _module_preset=&#8220;default&#8220; width=&#8220;90%&#8220; custom_padding=&#8220;||20px||false|false&#8220; global_colors_info=&#8220;{}&#8220;][et_pb_column type=&#8220;4_4&#8243; _builder_version=&#8220;4.9.7&#8243; _module_preset=&#8220;default&#8220; global_colors_info=&#8220;{}&#8220;][et_pb_text ul_item_indent=&#8220;40px&#8220; module_class=&#8220;text-box-2&#8243; _builder_version=&#8220;4.9.7&#8243; _module_preset=&#8220;default&#8220; module_alignment=&#8220;center&#8220; custom_padding=&#8220;0px|||||&#8220; locked=&#8220;off&#8220; global_colors_info=&#8220;{}&#8220;]<\/p>\n<p>Polyethylenfolie ist breit verwendbar, vor allem in verschiedenen Verpackungen. Diese wird aus Polyethylen hergestellt, der ein synthetisches polymeres Material ist und aus Kohlen- und Wasserstoff gebildet ist.<\/p>\n<p>Oft werden Polyethylenbeutel (transparente und gl\u00e4nzende Taschen f\u00fcr Tiefk\u00fchllebensmittelverpackungen, Tragetaschen und \u00e4hnliche PE Produkte) als Nylon und PVC Beutel bezeichnet. Der Grund daf\u00fcr liegt darin, dass \u201eNylon\u201c, dass zur Gruppe der Polyamide (Elastomere) geh\u00f6rt, und PVC \u2013 Polyvinylchlorid \u2013 (Plastomer) die ersten synthetischen Material sind die ein Teil unseres Alltags wurden.<\/p>\n<p>Heute ersetzt PE Folie (Schrumpffolie) weitgehend andere Materialien (zum Beispiel Kartonverpackungen) bei Sammelverpackungen, Gro\u00dfverpackungen und in der Industrie.<\/p>\n<p>Selbst anspruchsvollste Kaffeeverpackung besteht zum Teil aus PE-Folie, geklebt auf Aluminiumfolie, und in dieser Kombination mit der Hei\u00df-Schwei\u00dfung bietet die Verpackung einen langen Kaffeegenuss.<\/p>\n<p>Diese und viele andere Produkte und Kombinationen mit Polyethylenfolie haben keine negative Auswirkung auf unsere Umwelt, soweit sie nach dem Abfall- und dem Verpackungsgesetz entsorgt und rezykliert werden.<\/p>\n<p>\u00d6kologische Aspekte der Polyethylenfolien, Beutel und Taschen, sowie mehr Details zu diesem Thema finden Sie hier.<\/p>\n<p><strong>VIELE VORTEILE<\/strong><\/p>\n<p><strong> <\/strong><\/p>\n<p><strong><\/strong>Polyethylenfolien allein oder in Kombination mit anderen Materialien erlauben heute die modernsten und sichersten Qualit\u00e4tsverpackungen f\u00fcr die Pharma-, Getr\u00e4nke-, Lebensmittel-, Bau- und andere Industrien. Wegen ihrer niedrigen Dichte, hervorragenden physikalischen, mechanischen und chemischen Eigenschaften und bestem Preis- und Qualit\u00e4tsverh\u00e4ltniss, haben Polyethylenfolien teilweise oder vollst\u00e4ndig zahlreiche andere Materialien (Papier, Pappe, Metall und Glas) aus der Verpackungsindustrie hinausgedr\u00e4ngt.<\/p>\n<p><strong>RECYCLING<\/strong><\/p>\n<p><strong> <\/strong><\/p>\n<p><strong><\/strong>Der gr\u00f6\u00dfte Vorteil ist die M\u00f6glichkeit, Polyethylen wiederzuverwenden.<\/p>\n<p><strong>BRENNBARKEIT<\/strong><\/p>\n<p><strong> <\/strong><\/p>\n<p><strong><\/strong>Bei der vollst\u00e4ndigen Verbrennung von Polyethylen in Gegenwart von Sauerstoff entstehen Kohlendioxid (CO2) und Wasser (H2O), die Grundverbindungen der Umwelt.<\/p>\n<p><strong>BIOLOGISCHE ABBAUBARKEIT<\/strong><\/p>\n<p><strong> <\/strong><\/p>\n<p><strong><\/strong>Ein typischer Polyethylenfilm ist nicht biologisch abbaubar. Bestimmte Additive bei Polyethylenfolien beschleunigen den Abbau, so dass sie den Status der biologischen Abbaubarkeit e. Anstelle von Polyethylen k\u00f6nnten andere Rohstoffe verwendet werden, so dass PE den Status der biologischen Abbaubarkeit erh\u00e4lt. Polyethylen wird bei UV-Strahlung degeneriert und zerf\u00e4llt auf diese Weise.<\/p>\n<p>[\/et_pb_text][\/et_pb_column][\/et_pb_row][\/et_pb_section]<\/p>\n","protected":false},"excerpt":{"rendered":"<p><div class=\"et_pb_module lwp_divi_breadcrumbs lwp_divi_breadcrumbs_0\">\n\t\t\t\t\n\t\t\t\t\n\t\t\t\t\n\t\t\t\t\n\t\t\t\t<div class=\"et_pb_module_inner\">\n\t\t\t\t\t<div class=\"lwp-breadcrumbs\"> <span class=\"before\"><\/span> <span vocab=\"https:\/\/schema.org\/\" typeof=\"BreadcrumbList\"><span property=\"itemListElement\" typeof=\"ListItem\"><a property=\"item\" typeof=\"WebPage\" href=\"https:\/\/muraplast.com\/de\/\" class=\"home\"><span property=\"name\">Titelseite<\/span><\/a><meta property=\"position\" content=\"1\"><\/span> <span class=\"separator et-pb-icon\">&amp;#x35;<\/span> <\/span><\/div>\n\t\t\t\t<\/div>\n\t\t\t<\/div>PolyethylenfoliePolyethylenfoliePolyethylenfolie ist breit verwendbar, vor allem in verschiedenen Verpackungen. Diese wird aus Polyethylen hergestellt, der ein synthetisches polymeres Material ist und aus Kohlen- und Wasserstoff gebildet ist. Oft werden Polyethylenbeutel (transparente und gl\u00e4nzende Taschen f\u00fcr Tiefk\u00fchllebensmittelverpackungen, Tragetaschen und \u00e4hnliche PE Produkte) als Nylon und [&hellip;]<\/p>\n","protected":false},"author":2,"featured_media":0,"parent":477,"menu_order":0,"comment_status":"closed","ping_status":"closed","template":"","meta":{"_et_pb_use_builder":"on","_et_pb_old_content":"","_et_gb_content_width":"","footnotes":""},"class_list":["post-485","page","type-page","status-publish","hentry"],"yoast_head":"<!-- This site is optimized with the Yoast SEO plugin v17.9 - https:\/\/yoast.com\/wordpress\/plugins\/seo\/ -->\n<title>\u00d6kologie | Muraplast d.o.o.<\/title>\n<meta name=\"description\" content=\"Die \u00f6kologischen Aspekte von PE-Taschen und mehr Details \u00fcber dieses Thema lesen Sie bitte auf unserer Internetseite www.muraplast.com.\" \/>\n<meta name=\"robots\" content=\"index, follow, max-snippet:-1, max-image-preview:large, max-video-preview:-1\" \/>\n<link rel=\"canonical\" href=\"https:\/\/muraplast.com\/de\/technologie\/okologie\/\" \/>\n<meta property=\"og:locale\" content=\"de_DE\" \/>\n<meta property=\"og:type\" content=\"article\" \/>\n<meta property=\"og:title\" content=\"\u00d6kologie | Muraplast d.o.o.\" \/>\n<meta property=\"og:description\" content=\"Die \u00f6kologischen Aspekte von PE-Taschen und mehr Details \u00fcber dieses Thema lesen Sie bitte auf unserer Internetseite www.muraplast.com.\" \/>\n<meta property=\"og:url\" content=\"https:\/\/muraplast.com\/de\/technologie\/okologie\/\" \/>\n<meta property=\"og:site_name\" content=\"Muraplast d.o.o.\" \/>\n<meta property=\"article:modified_time\" content=\"2022-05-02T09:43:02+00:00\" \/>\n<meta property=\"og:image\" content=\"https:\/\/muraplast.com\/wp-content\/uploads\/2021\/07\/Muraplast-logo.png\" \/>\n\t<meta property=\"og:image:width\" content=\"141\" \/>\n\t<meta property=\"og:image:height\" content=\"93\" \/>\n\t<meta property=\"og:image:type\" content=\"image\/png\" \/>\n<meta name=\"twitter:card\" content=\"summary_large_image\" \/>\n<script type=\"application\/ld+json\" class=\"yoast-schema-graph\">{\"@context\":\"https:\/\/schema.org\",\"@graph\":[{\"@type\":\"Organization\",\"@id\":\"https:\/\/muraplast.com\/en\/#organization\",\"name\":\"Muraplast\",\"url\":\"https:\/\/muraplast.com\/en\/\",\"sameAs\":[],\"logo\":{\"@type\":\"ImageObject\",\"@id\":\"https:\/\/muraplast.com\/en\/#logo\",\"inLanguage\":\"de\",\"url\":\"https:\/\/muraplast.com\/wp-content\/uploads\/2021\/07\/Muraplast-logo.png\",\"contentUrl\":\"https:\/\/muraplast.com\/wp-content\/uploads\/2021\/07\/Muraplast-logo.png\",\"width\":141,\"height\":93,\"caption\":\"Muraplast\"},\"image\":{\"@id\":\"https:\/\/muraplast.com\/en\/#logo\"}},{\"@type\":\"WebSite\",\"@id\":\"https:\/\/muraplast.com\/en\/#website\",\"url\":\"https:\/\/muraplast.com\/en\/\",\"name\":\"Muraplast d.o.o.\",\"description\":\"ekstruzija, fleksotisak, konverzija\",\"publisher\":{\"@id\":\"https:\/\/muraplast.com\/en\/#organization\"},\"potentialAction\":[{\"@type\":\"SearchAction\",\"target\":{\"@type\":\"EntryPoint\",\"urlTemplate\":\"https:\/\/muraplast.com\/en\/?s={search_term_string}\"},\"query-input\":\"required name=search_term_string\"}],\"inLanguage\":\"de\"},{\"@type\":\"WebPage\",\"@id\":\"https:\/\/muraplast.com\/de\/technologie\/okologie\/#webpage\",\"url\":\"https:\/\/muraplast.com\/de\/technologie\/okologie\/\",\"name\":\"\\u00d6kologie | Muraplast d.o.o.\",\"isPartOf\":{\"@id\":\"https:\/\/muraplast.com\/en\/#website\"},\"datePublished\":\"2021-07-14T12:37:53+00:00\",\"dateModified\":\"2022-05-02T09:43:02+00:00\",\"description\":\"Die \\u00f6kologischen Aspekte von PE-Taschen und mehr Details \\u00fcber dieses Thema lesen Sie bitte auf unserer Internetseite www.muraplast.com.\",\"breadcrumb\":{\"@id\":\"https:\/\/muraplast.com\/de\/technologie\/okologie\/#breadcrumb\"},\"inLanguage\":\"de\",\"potentialAction\":[{\"@type\":\"ReadAction\",\"target\":[\"https:\/\/muraplast.com\/de\/technologie\/okologie\/\"]}]},{\"@type\":\"BreadcrumbList\",\"@id\":\"https:\/\/muraplast.com\/de\/technologie\/okologie\/#breadcrumb\",\"itemListElement\":[{\"@type\":\"ListItem\",\"position\":1,\"name\":\"Po\\u010detna stranica\",\"item\":\"https:\/\/muraplast.com\/de\/\"},{\"@type\":\"ListItem\",\"position\":2,\"name\":\"Technologie\",\"item\":\"https:\/\/muraplast.com\/de\/technologie\/\"},{\"@type\":\"ListItem\",\"position\":3,\"name\":\"\\u00d6kologie\"}]}]}<\/script>\n<!-- \/ Yoast SEO plugin. -->","yoast_head_json":{"title":"\u00d6kologie | Muraplast d.o.o.","description":"Die \u00f6kologischen Aspekte von PE-Taschen und mehr Details \u00fcber dieses Thema lesen Sie bitte auf unserer Internetseite www.muraplast.com.","robots":{"index":"index","follow":"follow","max-snippet":"max-snippet:-1","max-image-preview":"max-image-preview:large","max-video-preview":"max-video-preview:-1"},"canonical":"https:\/\/muraplast.com\/de\/technologie\/okologie\/","og_locale":"de_DE","og_type":"article","og_title":"\u00d6kologie | Muraplast d.o.o.","og_description":"Die \u00f6kologischen Aspekte von PE-Taschen und mehr Details \u00fcber dieses Thema lesen Sie bitte auf unserer Internetseite www.muraplast.com.","og_url":"https:\/\/muraplast.com\/de\/technologie\/okologie\/","og_site_name":"Muraplast d.o.o.","article_modified_time":"2022-05-02T09:43:02+00:00","og_image":[{"width":141,"height":93,"url":"https:\/\/muraplast.com\/wp-content\/uploads\/2021\/07\/Muraplast-logo.png","type":"image\/png"}],"twitter_card":"summary_large_image","schema":{"@context":"https:\/\/schema.org","@graph":[{"@type":"Organization","@id":"https:\/\/muraplast.com\/en\/#organization","name":"Muraplast","url":"https:\/\/muraplast.com\/en\/","sameAs":[],"logo":{"@type":"ImageObject","@id":"https:\/\/muraplast.com\/en\/#logo","inLanguage":"de","url":"https:\/\/muraplast.com\/wp-content\/uploads\/2021\/07\/Muraplast-logo.png","contentUrl":"https:\/\/muraplast.com\/wp-content\/uploads\/2021\/07\/Muraplast-logo.png","width":141,"height":93,"caption":"Muraplast"},"image":{"@id":"https:\/\/muraplast.com\/en\/#logo"}},{"@type":"WebSite","@id":"https:\/\/muraplast.com\/en\/#website","url":"https:\/\/muraplast.com\/en\/","name":"Muraplast d.o.o.","description":"ekstruzija, fleksotisak, konverzija","publisher":{"@id":"https:\/\/muraplast.com\/en\/#organization"},"potentialAction":[{"@type":"SearchAction","target":{"@type":"EntryPoint","urlTemplate":"https:\/\/muraplast.com\/en\/?s={search_term_string}"},"query-input":"required name=search_term_string"}],"inLanguage":"de"},{"@type":"WebPage","@id":"https:\/\/muraplast.com\/de\/technologie\/okologie\/#webpage","url":"https:\/\/muraplast.com\/de\/technologie\/okologie\/","name":"\u00d6kologie | Muraplast d.o.o.","isPartOf":{"@id":"https:\/\/muraplast.com\/en\/#website"},"datePublished":"2021-07-14T12:37:53+00:00","dateModified":"2022-05-02T09:43:02+00:00","description":"Die \u00f6kologischen Aspekte von PE-Taschen und mehr Details \u00fcber dieses Thema lesen Sie bitte auf unserer Internetseite www.muraplast.com.","breadcrumb":{"@id":"https:\/\/muraplast.com\/de\/technologie\/okologie\/#breadcrumb"},"inLanguage":"de","potentialAction":[{"@type":"ReadAction","target":["https:\/\/muraplast.com\/de\/technologie\/okologie\/"]}]},{"@type":"BreadcrumbList","@id":"https:\/\/muraplast.com\/de\/technologie\/okologie\/#breadcrumb","itemListElement":[{"@type":"ListItem","position":1,"name":"Po\u010detna stranica","item":"https:\/\/muraplast.com\/de\/"},{"@type":"ListItem","position":2,"name":"Technologie","item":"https:\/\/muraplast.com\/de\/technologie\/"},{"@type":"ListItem","position":3,"name":"\u00d6kologie"}]}]}},"_links":{"self":[{"href":"https:\/\/muraplast.com\/de\/wp-json\/wp\/v2\/pages\/485","targetHints":{"allow":["GET"]}}],"collection":[{"href":"https:\/\/muraplast.com\/de\/wp-json\/wp\/v2\/pages"}],"about":[{"href":"https:\/\/muraplast.com\/de\/wp-json\/wp\/v2\/types\/page"}],"author":[{"embeddable":true,"href":"https:\/\/muraplast.com\/de\/wp-json\/wp\/v2\/users\/2"}],"replies":[{"embeddable":true,"href":"https:\/\/muraplast.com\/de\/wp-json\/wp\/v2\/comments?post=485"}],"version-history":[{"count":7,"href":"https:\/\/muraplast.com\/de\/wp-json\/wp\/v2\/pages\/485\/revisions"}],"predecessor-version":[{"id":11677,"href":"https:\/\/muraplast.com\/de\/wp-json\/wp\/v2\/pages\/485\/revisions\/11677"}],"up":[{"embeddable":true,"href":"https:\/\/muraplast.com\/de\/wp-json\/wp\/v2\/pages\/477"}],"wp:attachment":[{"href":"https:\/\/muraplast.com\/de\/wp-json\/wp\/v2\/media?parent=485"}],"curies":[{"name":"wp","href":"https:\/\/api.w.org\/{rel}","templated":true}]}}