{"id":489,"date":"2021-07-14T14:38:29","date_gmt":"2021-07-14T12:38:29","guid":{"rendered":"https:\/\/muraplast.com\/?page_id=489"},"modified":"2022-01-05T12:44:31","modified_gmt":"2022-01-05T11:44:31","slug":"tragetaschen","status":"publish","type":"page","link":"https:\/\/muraplast.com\/de\/technologie\/tragetaschen\/","title":{"rendered":"Tragetaschen"},"content":{"rendered":"\n[et_pb_section fb_built=&#8220;1&#8243; disabled_on=&#8220;on|on|off&#8220; _builder_version=&#8220;4.9.7&#8243; _module_preset=&#8220;default&#8220; custom_margin=&#8220;150px||||false|false&#8220; custom_margin_tablet=&#8220;130px||||false|false&#8220; custom_margin_phone=&#8220;100px||||false|false&#8220; custom_margin_last_edited=&#8220;on|phone&#8220; custom_padding=&#8220;0px||0px||false|false&#8220; da_disable_devices=&#8220;off|off|off&#8220; global_module=&#8220;2927&#8243; saved_tabs=&#8220;all&#8220; locked=&#8220;off&#8220; da_is_popup=&#8220;off&#8220; da_exit_intent=&#8220;off&#8220; da_has_close=&#8220;on&#8220; da_alt_close=&#8220;off&#8220; da_dark_close=&#8220;off&#8220; da_not_modal=&#8220;on&#8220; da_is_singular=&#8220;off&#8220; da_with_loader=&#8220;off&#8220; da_has_shadow=&#8220;on&#8220;][et_pb_row _builder_version=&#8220;4.9.7&#8243; _module_preset=&#8220;default&#8220; width=&#8220;100%&#8220; width_tablet=&#8220;90%&#8220; width_phone=&#8220;&#8220; width_last_edited=&#8220;on|phone&#8220; custom_padding=&#8220;8px||0px||false|false&#8220;][et_pb_column type=&#8220;4_4&#8243; _builder_version=&#8220;4.9.7&#8243; _module_preset=&#8220;default&#8220;][lwp_divi_breadcrumbs home_text=&#8220;Titelseite&#8220; font_icon=&#8220;%%20%%&#8220; link_color=&#8220;#000000&#8243; separator_color=&#8220;#000000&#8243; current_text_color=&#8220;#000000&#8243; _builder_version=&#8220;4.9.7&#8243; _module_preset=&#8220;default&#8220; module_font=&#8220;Open Sans||||||||&#8220; text_orientation=&#8220;left&#8220;][\/lwp_divi_breadcrumbs][\/et_pb_column][\/et_pb_row][et_pb_row _builder_version=&#8220;4.9.7&#8243; _module_preset=&#8220;default&#8220; width=&#8220;100%&#8220; width_tablet=&#8220;90%&#8220; width_phone=&#8220;&#8220; width_last_edited=&#8220;on|phone&#8220; custom_padding=&#8220;16px||16px||false|false&#8220;][et_pb_column type=&#8220;4_4&#8243; _builder_version=&#8220;4.9.7&#8243; _module_preset=&#8220;default&#8220;][et_pb_post_title meta=&#8220;off&#8220; featured_image=&#8220;off&#8220; module_class=&#8220;text-box-1&#8243; _builder_version=&#8220;4.9.7&#8243; _module_preset=&#8220;default&#8220; title_text_align=&#8220;center&#8220;][\/et_pb_post_title][\/et_pb_column][\/et_pb_row][\/et_pb_section][et_pb_section fb_built=&#8220;1&#8243; disabled_on=&#8220;off|off|on&#8220; admin_label=&#8220;Sektion&#8220; _builder_version=&#8220;4.9.7&#8243; _module_preset=&#8220;default&#8220; custom_margin=&#8220;150px||||false|false&#8220; custom_margin_tablet=&#8220;130px||||false|false&#8220; custom_margin_phone=&#8220;100px||||false|false&#8220; custom_margin_last_edited=&#8220;on|phone&#8220; custom_padding=&#8220;0px||0px||false|false&#8220; da_disable_devices=&#8220;off|off|off&#8220; global_module=&#8220;2928&#8243; saved_tabs=&#8220;all&#8220; locked=&#8220;off&#8220; da_is_popup=&#8220;off&#8220; da_exit_intent=&#8220;off&#8220; da_has_close=&#8220;on&#8220; da_alt_close=&#8220;off&#8220; da_dark_close=&#8220;off&#8220; da_not_modal=&#8220;on&#8220; da_is_singular=&#8220;off&#8220; da_with_loader=&#8220;off&#8220; da_has_shadow=&#8220;on&#8220;][et_pb_row _builder_version=&#8220;4.9.7&#8243; _module_preset=&#8220;default&#8220; width=&#8220;100%&#8220; width_tablet=&#8220;90%&#8220; width_phone=&#8220;&#8220; width_last_edited=&#8220;on|phone&#8220; custom_padding=&#8220;16px||16px||false|false&#8220;][et_pb_column type=&#8220;4_4&#8243; _builder_version=&#8220;4.9.7&#8243; _module_preset=&#8220;default&#8220;][et_pb_post_title meta=&#8220;off&#8220; featured_image=&#8220;off&#8220; module_class=&#8220;text-box-1&#8243; _builder_version=&#8220;4.9.7&#8243; _module_preset=&#8220;default&#8220; title_text_align=&#8220;center&#8220;][\/et_pb_post_title][\/et_pb_column][\/et_pb_row][\/et_pb_section][et_pb_section fb_built=&#8220;1&#8243; custom_padding_last_edited=&#8220;on|phone&#8220; disabled_on=&#8220;on|on|off&#8220; admin_label=&#8220;Section&#8220; _builder_version=&#8220;4.9.7&#8243; _module_preset=&#8220;default&#8220; background_color=&#8220;#e7f2d0&#8243; custom_padding=&#8220;48px||200px||false|false&#8220; custom_padding_tablet=&#8220;32px||160px||false|false&#8220; custom_padding_phone=&#8220;||100px||false|false&#8220; da_disable_devices=&#8220;off|off|off&#8220; locked=&#8220;off&#8220; da_is_popup=&#8220;off&#8220; da_exit_intent=&#8220;off&#8220; da_has_close=&#8220;on&#8220; da_alt_close=&#8220;off&#8220; da_dark_close=&#8220;off&#8220; da_not_modal=&#8220;on&#8220; da_is_singular=&#8220;off&#8220; da_with_loader=&#8220;off&#8220; da_has_shadow=&#8220;on&#8220;][et_pb_row custom_padding_last_edited=&#8220;on|phone&#8220; _builder_version=&#8220;4.9.7&#8243; _module_preset=&#8220;default&#8220; width=&#8220;100%&#8220; width_tablet=&#8220;90%&#8220; width_phone=&#8220;&#8220; width_last_edited=&#8220;on|phone&#8220; custom_padding=&#8220;0px||80px||false|false&#8220; custom_padding_tablet=&#8220;||0px||false|false&#8220; custom_padding_phone=&#8220;||0px||false|false&#8220;][et_pb_column type=&#8220;4_4&#8243; _builder_version=&#8220;4.9.7&#8243; _module_preset=&#8220;default&#8220;][et_pb_text module_class=&#8220;header-subtext-1&#8243; _builder_version=&#8220;4.9.7&#8243; _module_preset=&#8220;default&#8220; max_width=&#8220;950px&#8220; module_alignment=&#8220;center&#8220; locked=&#8220;off&#8220;]<p style=\"text-align: center;\">Plastikt\u00fcten belasten visuell die Umwelt, verschmutzen und belasten aber nicht die Erde, das Wasser oder die Luft.<\/p>[\/et_pb_text][\/et_pb_column][\/et_pb_row][\/et_pb_section][et_pb_section fb_built=&#8220;1&#8243; disabled_on=&#8220;on|on|off&#8220; admin_label=&#8220;Section&#8220; _builder_version=&#8220;4.9.7&#8243; _module_preset=&#8220;default&#8220; custom_padding=&#8220;0px||0px||false|false&#8220; da_disable_devices=&#8220;off|off|off&#8220; locked=&#8220;off&#8220; da_is_popup=&#8220;off&#8220; da_exit_intent=&#8220;off&#8220; da_has_close=&#8220;on&#8220; da_alt_close=&#8220;off&#8220; da_dark_close=&#8220;off&#8220; da_not_modal=&#8220;on&#8220; da_is_singular=&#8220;off&#8220; da_with_loader=&#8220;off&#8220; da_has_shadow=&#8220;on&#8220;][et_pb_row _builder_version=&#8220;4.9.7&#8243; _module_preset=&#8220;default&#8220; width=&#8220;100%&#8220; width_tablet=&#8220;90%&#8220; width_phone=&#8220;&#8220; width_last_edited=&#8220;on|phone&#8220; custom_padding=&#8220;16px||16px||false|false&#8220;][et_pb_column type=&#8220;4_4&#8243; _builder_version=&#8220;4.9.7&#8243; _module_preset=&#8220;default&#8220;][et_pb_image src=&#8220;https:\/\/muraplast.com\/wp-content\/uploads\/2021\/08\/Schlaufentragetaschen-1a.jpg&#8220; alt=&#8220;Schlaufentragetaschen&#8220; title_text=&#8220;Schlaufentragetaschen 1a&#8220; _builder_version=&#8220;4.9.7&#8243; _module_preset=&#8220;default&#8220; max_height=&#8220;384px&#8220; custom_margin=&#8220;-180px||||false|false&#8220; custom_margin_tablet=&#8220;-140px||||false|false&#8220; custom_margin_phone=&#8220;-80px||||false|false&#8220; custom_margin_last_edited=&#8220;on|tablet&#8220;][\/et_pb_image][\/et_pb_column][\/et_pb_row][\/et_pb_section][et_pb_section fb_built=&#8220;1&#8243; custom_padding_last_edited=&#8220;on|tablet&#8220; disabled_on=&#8220;off|off|on&#8220; _builder_version=&#8220;4.9.7&#8243; _module_preset=&#8220;default&#8220; background_color=&#8220;#e7f2d0&#8243; custom_padding=&#8220;48px||200px||false|false&#8220; custom_padding_tablet=&#8220;32px||30%||false|false&#8220; custom_padding_phone=&#8220;||32%||false|false&#8220; da_disable_devices=&#8220;off|off|off&#8220; locked=&#8220;off&#8220; da_is_popup=&#8220;off&#8220; da_exit_intent=&#8220;off&#8220; da_has_close=&#8220;on&#8220; da_alt_close=&#8220;off&#8220; da_dark_close=&#8220;off&#8220; da_not_modal=&#8220;on&#8220; da_is_singular=&#8220;off&#8220; da_with_loader=&#8220;off&#8220; da_has_shadow=&#8220;on&#8220;][et_pb_row custom_padding_last_edited=&#8220;on|phone&#8220; _builder_version=&#8220;4.9.7&#8243; _module_preset=&#8220;default&#8220; width=&#8220;100%&#8220; width_tablet=&#8220;90%&#8220; width_phone=&#8220;&#8220; width_last_edited=&#8220;on|phone&#8220; custom_padding=&#8220;0px||80px||false|false&#8220; custom_padding_tablet=&#8220;||0px||false|false&#8220; custom_padding_phone=&#8220;||0px||false|false&#8220;][et_pb_column type=&#8220;4_4&#8243; _builder_version=&#8220;4.9.7&#8243; _module_preset=&#8220;default&#8220;][et_pb_text module_class=&#8220;header-subtext-1&#8243; _builder_version=&#8220;4.9.7&#8243; _module_preset=&#8220;default&#8220; max_width=&#8220;950px&#8220; module_alignment=&#8220;center&#8220; locked=&#8220;off&#8220;]<p style=\"text-align: center;\"><p style=\"text-align: center;\">Plastikt\u00fcten belasten visuell die Umwelt, verschmutzen und belasten aber nicht die Erde, das Wasser oder die Luft.<\/p><\/p>[\/et_pb_text][\/et_pb_column][\/et_pb_row][\/et_pb_section][et_pb_section fb_built=&#8220;1&#8243; disabled_on=&#8220;off|off|on&#8220; _builder_version=&#8220;4.9.7&#8243; _module_preset=&#8220;default&#8220; background_enable_image=&#8220;off&#8220; custom_margin=&#8220;24px||||false|false&#8220; custom_padding=&#8220;0px||0px||false|false&#8220; da_disable_devices=&#8220;off|off|off&#8220; locked=&#8220;off&#8220; da_is_popup=&#8220;off&#8220; da_exit_intent=&#8220;off&#8220; da_has_close=&#8220;on&#8220; da_alt_close=&#8220;off&#8220; da_dark_close=&#8220;off&#8220; da_not_modal=&#8220;on&#8220; da_is_singular=&#8220;off&#8220; da_with_loader=&#8220;off&#8220; da_has_shadow=&#8220;on&#8220;][et_pb_row _builder_version=&#8220;4.9.7&#8243; _module_preset=&#8220;default&#8220; width=&#8220;90%&#8220; module_alignment=&#8220;center&#8220; custom_padding=&#8220;16px||16px||false|false&#8220;][et_pb_column type=&#8220;4_4&#8243; _builder_version=&#8220;4.9.7&#8243; _module_preset=&#8220;default&#8220;][et_pb_gallery gallery_ids=&#8220;4594&#8243; fullwidth=&#8220;on&#8220; _builder_version=&#8220;4.9.7&#8243; _module_preset=&#8220;default&#8220; module_alignment=&#8220;center&#8220; custom_margin=&#8220;-110px||||false|false&#8220; custom_margin_tablet=&#8220;-34%||||false|false&#8220; custom_margin_phone=&#8220;-39%||||false|false&#8220; custom_margin_last_edited=&#8220;on|tablet&#8220; border_radii=&#8220;on|8px|8px|8px|8px&#8220;][\/et_pb_gallery][\/et_pb_column][\/et_pb_row][\/et_pb_section][et_pb_section fb_built=&#8220;1&#8243; disabled_on=&#8220;off|off|off&#8220; _builder_version=&#8220;4.9.7&#8243; _module_preset=&#8220;default&#8220; background_enable_image=&#8220;off&#8220; custom_margin=&#8220;64px||48px||false|false&#8220; custom_margin_tablet=&#8220;0px||30px||false|false&#8220; custom_margin_phone=&#8220;&#8220; custom_margin_last_edited=&#8220;on|phone&#8220; custom_padding=&#8220;0px||0px||false|false&#8220; da_disable_devices=&#8220;off|off|off&#8220; locked=&#8220;off&#8220; da_is_popup=&#8220;off&#8220; da_exit_intent=&#8220;off&#8220; da_has_close=&#8220;on&#8220; da_alt_close=&#8220;off&#8220; da_dark_close=&#8220;off&#8220; da_not_modal=&#8220;on&#8220; da_is_singular=&#8220;off&#8220; da_with_loader=&#8220;off&#8220; da_has_shadow=&#8220;on&#8220;][et_pb_row _builder_version=&#8220;4.9.7&#8243; _module_preset=&#8220;default&#8220; width=&#8220;90%&#8220; custom_padding=&#8220;||20px||false|false&#8220;][et_pb_column type=&#8220;4_4&#8243; _builder_version=&#8220;4.9.7&#8243; _module_preset=&#8220;default&#8220;][et_pb_text ul_item_indent=&#8220;40px&#8220; module_class=&#8220;text-box-2&#8243; _builder_version=&#8220;4.9.7&#8243; _module_preset=&#8220;default&#8220; module_alignment=&#8220;center&#8220; locked=&#8220;off&#8220;]<p><strong>Ab 1.1.2022 sind leichte Plastiktragetaschen in Kroatien verboten.<\/strong><\/p>\n<p>Die Definition von Lightweight Plastiktragetaschen ist: Plastiktragetaschen mit einer Wandst\u00e4rke unter 50 Mikrometer.<\/p>\n<p>Ausgenommen sind \u201esehr leichte Kunststofftragetaschen\u201c \u2013 Kunststofftragetaschen mit einer Wandst\u00e4rke unter 15 \u00b5m, die aus Hygienegr\u00fcnden erforderlich sind oder als Prim\u00e4rverpackung f\u00fcr lose Lebensmittel dienen, wenn dies zur Vermeidung von Lebensmittelverschwendung beitr\u00e4gt.<\/p>\n<p>Biologisch abbaubare Plastikt\u00fcten sind ebenfalls verboten, wenn sie weniger als 50 Mikrometer haben, mit der gleichen Ausnahme.<\/p>\n<p>Oxo-abbaubare Plastikt\u00fcten sind in der gesamten EU verboten.<\/p>\n<p>Papiert\u00fcten sind in Ordnung. Auch andere Materialien au\u00dfer Kunststoff sind in Ordnung.<\/p>\n<p>Beschichtete Papiert\u00fcten gelten auch als Plastikt\u00fcten.<\/p>\n<p>Tragetaschen aus Lagerbest\u00e4nden sind ab dem 1.1.2022 noch erlaubt.<\/p>\n<p>Derzeit wird auf Plastikt\u00fcten eine Steuer von ca. 200 \u20ac\/t (1500 kn\/t) erhoben.<\/p>\n<p>&nbsp;<\/p>\n<p>&nbsp;<\/p>\n<p>&nbsp;<\/p>\n<p><strong><\/strong><\/p>\n<p><strong>Plastikt\u00fcten<\/strong> belasten visuell die Umwelt, verschmutzen und belasten aber nicht die Erde, das Wasser oder die Luft. Sonnenlicht und UV Strahlen konvertieren PE Materialien mit der Zeit zu Kohlenstoff und Wasser. Bei allen PE Folien (Baufolien, Landwirtschaftsfolien, Kunststoffbeutel usw.) die dem Sonnenlicht ausgesetzt liegt die Zerfallszeit bei ungef\u00e4hr zehn Jahren, wobei PE-Folien die den Sonnenstrahlen intensiv ausgesetzt waren eine n\u00fctzliche Lebensdauer von bis zu zwei Jahren haben. Die Behauptung, dass PE Folien eine Zerfallszeit von 1000 Jahren haben ist nicht wahr und dies wird auch immer seltener behauptet. Tragetaschen die begraben unter dem M\u00fcll liegen k\u00f6nnen eventuell erst in ein paar hundert Jahren endg\u00fcltig zerfallen.<\/p>\n<p>Kunststoffbeutel werden aus Polyethylen produziert, das aus Kohlenstoff und Wasserstoff besteht, die nicht sch\u00e4dlich f\u00fcr die Umwelt sind. Polyethylen ist eine inerte Substanz die das Wasser, die Erde oder die Luft nicht verschmutzt. Gebrauchte Kunststofft\u00fcten und Folien sind recyclebar und damit in anderen Kunststoffprodukten wiederverwendbar. Solcher Rohstoff kostet die H\u00e4lfte von neuem Rohstoff. PVC (Polyvinylchlorid) wird nicht bei der Herstellung von Tragetaschen verwendet, und nicht in dieselbe Kunststoffgruppe eingeteilt. PVC Beutel werden in der Regel in die Pharma-, technischen und \u00e4hnlichen Industrien verwendet (Blutinfusion usw.) \u00dcbrigens ist <strong>PVC nicht radioaktiv<\/strong>, wie gelegentlich angegeben.<\/p>\n<p>Plastikt\u00fcten k\u00f6nnen die Anforderungen des biologischen Abbaus durch bestimmte Standards erf\u00fcllen. Diese Beutel werden durch die Erzeugung von landwirtschaftlichen Nutzpflanzen , wie Mais (bioabbaubaren Gegenwart von W\u00e4rme , Feuchtigkeit und Bakterien) oder Zugabe des Additivs (biologischer Abbau in Gegenwart von Sauerstoff) im Polyethylen abgebaut. Es gibt viele Diskussionen dar\u00fcber, ob solche L\u00f6sungen sinnvoll sind, denn neuere Studien haben gezeigt, dass mehrmals verwendbare &#8222;Standard&#8220;- Tragetaschen zur Zeit die beste L\u00f6sung sind. Neben den Bioabbautrends ist auch die Verringerung der Auswirkungen der globalen Erw\u00e4rmung aktuell, die wiederum auf der Verringerung der Auswirkungen von Kohlenstoff (C0\u00b2-Bilanz) basiert ist. Neben den klassischen M\u00f6glichkeiten der Verringerung der St\u00e4rke, bei gleichzeitiger Verbesserung der mechanischen Eigenschaften, werden auch Hybridl\u00f6sungen durch Zugabe von speziellen Materialien angeboten, die die C0\u00b2-Bilanz bis zu 30% reduzieren, wobei neuerdings Polyethylen aus 100% Naturbasis (Zuckerrohr) verf\u00fcgbar ist, das identische Eigenschaften wie &#8222;Standard&#8220;-Polyethylen ufweist. Dieses Polyethylen ist nicht biologisch abbaubar, es kann aber biologisch abbaubares Additiv hinzugef\u00fcgt werden. Es ist zu bemerken, dass fast alle Hersteller in Kroatien mit ihren bestehenden Maschinen diese biologisch abbaubare Folien und Beutel produzieren k\u00f6nnen. Die F\u00e4higkeit, zu biologisch abbaubaren T\u00fcten aus &#8222;essbaren&#8220; Materialien \u00fcberzugehen ist derzeit nicht m\u00f6glich, weil es nicht genug Rohstoff auf dem Markt gibt (weniger als 1 % gegen\u00fcber klassischem Material), aber die Investitionen in diesem Bereich sind sehr gro\u00df und es ist wahrscheinlich, dass das Wachstum der einzelnen \u201eessbaren\u201c Materiale und Trends der Verbote beeinflusst hat.<\/p>\n<p>&nbsp;<\/p>\n<p>&nbsp;<\/p>\n<p>&nbsp;<\/p>\n<p>&nbsp;<\/p>\n<p>&nbsp;<\/p>\n<p>&nbsp;<\/p>[\/et_pb_text][\/et_pb_column][\/et_pb_row][\/et_pb_section]\n","protected":false},"excerpt":{"rendered":"<p><div class=\"et_pb_module lwp_divi_breadcrumbs lwp_divi_breadcrumbs_0\">\n\t\t\t\t\n\t\t\t\t\n\t\t\t\t\n\t\t\t\t\n\t\t\t\t<div class=\"et_pb_module_inner\">\n\t\t\t\t\t<div class=\"lwp-breadcrumbs\"> <span class=\"before\"><\/span> <span vocab=\"https:\/\/schema.org\/\" typeof=\"BreadcrumbList\"><span property=\"itemListElement\" typeof=\"ListItem\"><a property=\"item\" typeof=\"WebPage\" href=\"https:\/\/muraplast.com\/de\/\" class=\"home\"><span property=\"name\">Titelseite<\/span><\/a><meta property=\"position\" content=\"1\"><\/span> <span class=\"separator et-pb-icon\">&amp;#x35;<\/span> <\/span><\/div>\n\t\t\t\t<\/div>\n\t\t\t<\/div>Plastikt\u00fcten belasten visuell die Umwelt, verschmutzen und belasten aber nicht die Erde, das Wasser oder die Luft.Plastikt\u00fcten belasten visuell die Umwelt, verschmutzen und belasten aber nicht die Erde, das Wasser oder die Luft.Ab 1.1.2022 sind leichte Plastiktragetaschen in Kroatien verboten. Die Definition von Lightweight Plastiktragetaschen [&hellip;]<\/p>\n","protected":false},"author":2,"featured_media":0,"parent":477,"menu_order":0,"comment_status":"closed","ping_status":"closed","template":"","meta":{"_et_pb_use_builder":"on","_et_pb_old_content":"","_et_gb_content_width":"","footnotes":""},"class_list":["post-489","page","type-page","status-publish","hentry"],"yoast_head":"<!-- This site is optimized with the Yoast SEO plugin v17.9 - https:\/\/yoast.com\/wordpress\/plugins\/seo\/ -->\n<title>Tragetaschen | Muraplast d.o.o.<\/title>\n<meta name=\"description\" content=\"Kunststofftragetaschen verschmutzen optisch die Umwelt, aber nicht die Erde, das Wasser oder die Luft. Besuchen Sie unsere Webseite und lernen Sie mehr \u00fcber Kunststofftaschen.\" \/>\n<meta name=\"robots\" content=\"index, follow, max-snippet:-1, max-image-preview:large, max-video-preview:-1\" \/>\n<link rel=\"canonical\" href=\"https:\/\/muraplast.com\/de\/technologie\/tragetaschen\/\" \/>\n<meta property=\"og:locale\" content=\"de_DE\" \/>\n<meta property=\"og:type\" content=\"article\" \/>\n<meta property=\"og:title\" content=\"Tragetaschen | Muraplast d.o.o.\" \/>\n<meta property=\"og:description\" content=\"Kunststofftragetaschen verschmutzen optisch die Umwelt, aber nicht die Erde, das Wasser oder die Luft. Besuchen Sie unsere Webseite und lernen Sie mehr \u00fcber Kunststofftaschen.\" \/>\n<meta property=\"og:url\" content=\"https:\/\/muraplast.com\/de\/technologie\/tragetaschen\/\" \/>\n<meta property=\"og:site_name\" content=\"Muraplast d.o.o.\" \/>\n<meta property=\"article:modified_time\" content=\"2022-01-05T11:44:31+00:00\" \/>\n<meta property=\"og:image\" content=\"https:\/\/muraplast.com\/wp-content\/uploads\/2021\/07\/Muraplast-logo.png\" \/>\n\t<meta property=\"og:image:width\" content=\"141\" \/>\n\t<meta property=\"og:image:height\" content=\"93\" \/>\n\t<meta property=\"og:image:type\" content=\"image\/png\" \/>\n<meta name=\"twitter:card\" content=\"summary_large_image\" \/>\n<meta name=\"twitter:label1\" content=\"Gesch\u00e4tzte Lesezeit\" \/>\n\t<meta name=\"twitter:data1\" content=\"4\u00a0Minuten\" \/>\n<script type=\"application\/ld+json\" class=\"yoast-schema-graph\">{\"@context\":\"https:\/\/schema.org\",\"@graph\":[{\"@type\":\"Organization\",\"@id\":\"https:\/\/muraplast.com\/en\/#organization\",\"name\":\"Muraplast\",\"url\":\"https:\/\/muraplast.com\/en\/\",\"sameAs\":[],\"logo\":{\"@type\":\"ImageObject\",\"@id\":\"https:\/\/muraplast.com\/en\/#logo\",\"inLanguage\":\"de\",\"url\":\"https:\/\/muraplast.com\/wp-content\/uploads\/2021\/07\/Muraplast-logo.png\",\"contentUrl\":\"https:\/\/muraplast.com\/wp-content\/uploads\/2021\/07\/Muraplast-logo.png\",\"width\":141,\"height\":93,\"caption\":\"Muraplast\"},\"image\":{\"@id\":\"https:\/\/muraplast.com\/en\/#logo\"}},{\"@type\":\"WebSite\",\"@id\":\"https:\/\/muraplast.com\/en\/#website\",\"url\":\"https:\/\/muraplast.com\/en\/\",\"name\":\"Muraplast d.o.o.\",\"description\":\"ekstruzija, fleksotisak, konverzija\",\"publisher\":{\"@id\":\"https:\/\/muraplast.com\/en\/#organization\"},\"potentialAction\":[{\"@type\":\"SearchAction\",\"target\":{\"@type\":\"EntryPoint\",\"urlTemplate\":\"https:\/\/muraplast.com\/en\/?s={search_term_string}\"},\"query-input\":\"required name=search_term_string\"}],\"inLanguage\":\"de\"},{\"@type\":\"WebPage\",\"@id\":\"https:\/\/muraplast.com\/de\/technologie\/tragetaschen\/#webpage\",\"url\":\"https:\/\/muraplast.com\/de\/technologie\/tragetaschen\/\",\"name\":\"Tragetaschen | Muraplast d.o.o.\",\"isPartOf\":{\"@id\":\"https:\/\/muraplast.com\/en\/#website\"},\"datePublished\":\"2021-07-14T12:38:29+00:00\",\"dateModified\":\"2022-01-05T11:44:31+00:00\",\"description\":\"Kunststofftragetaschen verschmutzen optisch die Umwelt, aber nicht die Erde, das Wasser oder die Luft. Besuchen Sie unsere Webseite und lernen Sie mehr \\u00fcber Kunststofftaschen.\",\"breadcrumb\":{\"@id\":\"https:\/\/muraplast.com\/de\/technologie\/tragetaschen\/#breadcrumb\"},\"inLanguage\":\"de\",\"potentialAction\":[{\"@type\":\"ReadAction\",\"target\":[\"https:\/\/muraplast.com\/de\/technologie\/tragetaschen\/\"]}]},{\"@type\":\"BreadcrumbList\",\"@id\":\"https:\/\/muraplast.com\/de\/technologie\/tragetaschen\/#breadcrumb\",\"itemListElement\":[{\"@type\":\"ListItem\",\"position\":1,\"name\":\"Po\\u010detna stranica\",\"item\":\"https:\/\/muraplast.com\/de\/\"},{\"@type\":\"ListItem\",\"position\":2,\"name\":\"Technologie\",\"item\":\"https:\/\/muraplast.com\/de\/technologie\/\"},{\"@type\":\"ListItem\",\"position\":3,\"name\":\"Tragetaschen\"}]}]}<\/script>\n<!-- \/ Yoast SEO plugin. -->","yoast_head_json":{"title":"Tragetaschen | Muraplast d.o.o.","description":"Kunststofftragetaschen verschmutzen optisch die Umwelt, aber nicht die Erde, das Wasser oder die Luft. Besuchen Sie unsere Webseite und lernen Sie mehr \u00fcber Kunststofftaschen.","robots":{"index":"index","follow":"follow","max-snippet":"max-snippet:-1","max-image-preview":"max-image-preview:large","max-video-preview":"max-video-preview:-1"},"canonical":"https:\/\/muraplast.com\/de\/technologie\/tragetaschen\/","og_locale":"de_DE","og_type":"article","og_title":"Tragetaschen | Muraplast d.o.o.","og_description":"Kunststofftragetaschen verschmutzen optisch die Umwelt, aber nicht die Erde, das Wasser oder die Luft. Besuchen Sie unsere Webseite und lernen Sie mehr \u00fcber Kunststofftaschen.","og_url":"https:\/\/muraplast.com\/de\/technologie\/tragetaschen\/","og_site_name":"Muraplast d.o.o.","article_modified_time":"2022-01-05T11:44:31+00:00","og_image":[{"width":141,"height":93,"url":"https:\/\/muraplast.com\/wp-content\/uploads\/2021\/07\/Muraplast-logo.png","type":"image\/png"}],"twitter_card":"summary_large_image","twitter_misc":{"Gesch\u00e4tzte Lesezeit":"4\u00a0Minuten"},"schema":{"@context":"https:\/\/schema.org","@graph":[{"@type":"Organization","@id":"https:\/\/muraplast.com\/en\/#organization","name":"Muraplast","url":"https:\/\/muraplast.com\/en\/","sameAs":[],"logo":{"@type":"ImageObject","@id":"https:\/\/muraplast.com\/en\/#logo","inLanguage":"de","url":"https:\/\/muraplast.com\/wp-content\/uploads\/2021\/07\/Muraplast-logo.png","contentUrl":"https:\/\/muraplast.com\/wp-content\/uploads\/2021\/07\/Muraplast-logo.png","width":141,"height":93,"caption":"Muraplast"},"image":{"@id":"https:\/\/muraplast.com\/en\/#logo"}},{"@type":"WebSite","@id":"https:\/\/muraplast.com\/en\/#website","url":"https:\/\/muraplast.com\/en\/","name":"Muraplast d.o.o.","description":"ekstruzija, fleksotisak, konverzija","publisher":{"@id":"https:\/\/muraplast.com\/en\/#organization"},"potentialAction":[{"@type":"SearchAction","target":{"@type":"EntryPoint","urlTemplate":"https:\/\/muraplast.com\/en\/?s={search_term_string}"},"query-input":"required name=search_term_string"}],"inLanguage":"de"},{"@type":"WebPage","@id":"https:\/\/muraplast.com\/de\/technologie\/tragetaschen\/#webpage","url":"https:\/\/muraplast.com\/de\/technologie\/tragetaschen\/","name":"Tragetaschen | Muraplast d.o.o.","isPartOf":{"@id":"https:\/\/muraplast.com\/en\/#website"},"datePublished":"2021-07-14T12:38:29+00:00","dateModified":"2022-01-05T11:44:31+00:00","description":"Kunststofftragetaschen verschmutzen optisch die Umwelt, aber nicht die Erde, das Wasser oder die Luft. Besuchen Sie unsere Webseite und lernen Sie mehr \u00fcber Kunststofftaschen.","breadcrumb":{"@id":"https:\/\/muraplast.com\/de\/technologie\/tragetaschen\/#breadcrumb"},"inLanguage":"de","potentialAction":[{"@type":"ReadAction","target":["https:\/\/muraplast.com\/de\/technologie\/tragetaschen\/"]}]},{"@type":"BreadcrumbList","@id":"https:\/\/muraplast.com\/de\/technologie\/tragetaschen\/#breadcrumb","itemListElement":[{"@type":"ListItem","position":1,"name":"Po\u010detna stranica","item":"https:\/\/muraplast.com\/de\/"},{"@type":"ListItem","position":2,"name":"Technologie","item":"https:\/\/muraplast.com\/de\/technologie\/"},{"@type":"ListItem","position":3,"name":"Tragetaschen"}]}]}},"_links":{"self":[{"href":"https:\/\/muraplast.com\/de\/wp-json\/wp\/v2\/pages\/489","targetHints":{"allow":["GET"]}}],"collection":[{"href":"https:\/\/muraplast.com\/de\/wp-json\/wp\/v2\/pages"}],"about":[{"href":"https:\/\/muraplast.com\/de\/wp-json\/wp\/v2\/types\/page"}],"author":[{"embeddable":true,"href":"https:\/\/muraplast.com\/de\/wp-json\/wp\/v2\/users\/2"}],"replies":[{"embeddable":true,"href":"https:\/\/muraplast.com\/de\/wp-json\/wp\/v2\/comments?post=489"}],"version-history":[{"count":8,"href":"https:\/\/muraplast.com\/de\/wp-json\/wp\/v2\/pages\/489\/revisions"}],"predecessor-version":[{"id":11191,"href":"https:\/\/muraplast.com\/de\/wp-json\/wp\/v2\/pages\/489\/revisions\/11191"}],"up":[{"embeddable":true,"href":"https:\/\/muraplast.com\/de\/wp-json\/wp\/v2\/pages\/477"}],"wp:attachment":[{"href":"https:\/\/muraplast.com\/de\/wp-json\/wp\/v2\/media?parent=489"}],"curies":[{"name":"wp","href":"https:\/\/api.w.org\/{rel}","templated":true}]}}