{"id":497,"date":"2021-07-14T14:53:30","date_gmt":"2021-07-14T12:53:30","guid":{"rendered":"https:\/\/muraplast.com\/?page_id=497"},"modified":"2021-09-21T09:56:49","modified_gmt":"2021-09-21T07:56:49","slug":"stretchhaube","status":"publish","type":"page","link":"https:\/\/muraplast.com\/de\/technologie\/stretchhaube\/","title":{"rendered":"Stretchhaube"},"content":{"rendered":"<p>[et_pb_section fb_built=&#8220;1&#8243; disabled_on=&#8220;on|on|off&#8220; _builder_version=&#8220;4.9.7&#8243; _module_preset=&#8220;default&#8220; custom_margin=&#8220;150px||||false|false&#8220; custom_margin_tablet=&#8220;130px||||false|false&#8220; custom_margin_phone=&#8220;100px||||false|false&#8220; custom_margin_last_edited=&#8220;on|phone&#8220; custom_padding=&#8220;0px||0px||false|false&#8220; da_disable_devices=&#8220;off|off|off&#8220; global_module=&#8220;2927&#8243; saved_tabs=&#8220;all&#8220; locked=&#8220;off&#8220; da_is_popup=&#8220;off&#8220; da_exit_intent=&#8220;off&#8220; da_has_close=&#8220;on&#8220; da_alt_close=&#8220;off&#8220; da_dark_close=&#8220;off&#8220; da_not_modal=&#8220;on&#8220; da_is_singular=&#8220;off&#8220; da_with_loader=&#8220;off&#8220; da_has_shadow=&#8220;on&#8220;][et_pb_row _builder_version=&#8220;4.9.7&#8243; _module_preset=&#8220;default&#8220; width=&#8220;100%&#8220; width_tablet=&#8220;90%&#8220; width_phone=&#8220;&#8220; width_last_edited=&#8220;on|phone&#8220; custom_padding=&#8220;8px||0px||false|false&#8220;][et_pb_column type=&#8220;4_4&#8243; _builder_version=&#8220;4.9.7&#8243; _module_preset=&#8220;default&#8220;][lwp_divi_breadcrumbs home_text=&#8220;Titelseite&#8220; font_icon=&#8220;%%20%%&#8220; link_color=&#8220;#000000&#8243; separator_color=&#8220;#000000&#8243; current_text_color=&#8220;#000000&#8243; _builder_version=&#8220;4.9.7&#8243; _module_preset=&#8220;default&#8220; module_font=&#8220;Open Sans||||||||&#8220; text_orientation=&#8220;left&#8220;][\/lwp_divi_breadcrumbs][\/et_pb_column][\/et_pb_row][et_pb_row _builder_version=&#8220;4.9.7&#8243; _module_preset=&#8220;default&#8220; width=&#8220;100%&#8220; width_tablet=&#8220;90%&#8220; width_phone=&#8220;&#8220; width_last_edited=&#8220;on|phone&#8220; custom_padding=&#8220;16px||16px||false|false&#8220;][et_pb_column type=&#8220;4_4&#8243; _builder_version=&#8220;4.9.7&#8243; _module_preset=&#8220;default&#8220;][et_pb_post_title meta=&#8220;off&#8220; featured_image=&#8220;off&#8220; module_class=&#8220;text-box-1&#8243; _builder_version=&#8220;4.9.7&#8243; _module_preset=&#8220;default&#8220; title_text_align=&#8220;center&#8220;][\/et_pb_post_title][\/et_pb_column][\/et_pb_row][\/et_pb_section][et_pb_section fb_built=&#8220;1&#8243; disabled_on=&#8220;off|off|on&#8220; admin_label=&#8220;Sektion&#8220; _builder_version=&#8220;4.9.7&#8243; _module_preset=&#8220;default&#8220; custom_margin=&#8220;150px||||false|false&#8220; custom_margin_tablet=&#8220;130px||||false|false&#8220; custom_margin_phone=&#8220;100px||||false|false&#8220; custom_margin_last_edited=&#8220;on|phone&#8220; custom_padding=&#8220;0px||0px||false|false&#8220; da_disable_devices=&#8220;off|off|off&#8220; global_module=&#8220;2928&#8243; saved_tabs=&#8220;all&#8220; locked=&#8220;off&#8220; da_is_popup=&#8220;off&#8220; da_exit_intent=&#8220;off&#8220; da_has_close=&#8220;on&#8220; da_alt_close=&#8220;off&#8220; da_dark_close=&#8220;off&#8220; da_not_modal=&#8220;on&#8220; da_is_singular=&#8220;off&#8220; da_with_loader=&#8220;off&#8220; da_has_shadow=&#8220;on&#8220;][et_pb_row _builder_version=&#8220;4.9.7&#8243; _module_preset=&#8220;default&#8220; width=&#8220;100%&#8220; width_tablet=&#8220;90%&#8220; width_phone=&#8220;&#8220; width_last_edited=&#8220;on|phone&#8220; custom_padding=&#8220;16px||16px||false|false&#8220;][et_pb_column type=&#8220;4_4&#8243; _builder_version=&#8220;4.9.7&#8243; _module_preset=&#8220;default&#8220;][et_pb_post_title meta=&#8220;off&#8220; featured_image=&#8220;off&#8220; module_class=&#8220;text-box-1&#8243; _builder_version=&#8220;4.9.7&#8243; _module_preset=&#8220;default&#8220; title_text_align=&#8220;center&#8220;][\/et_pb_post_title][\/et_pb_column][\/et_pb_row][\/et_pb_section][et_pb_section fb_built=&#8220;1&#8243; custom_padding_last_edited=&#8220;on|phone&#8220; disabled_on=&#8220;on|on|off&#8220; admin_label=&#8220;Section&#8220; _builder_version=&#8220;4.9.7&#8243; _module_preset=&#8220;default&#8220; background_color=&#8220;#e7f2d0&#8243; custom_padding=&#8220;48px||200px||false|false&#8220; custom_padding_tablet=&#8220;32px||160px||false|false&#8220; custom_padding_phone=&#8220;||100px||false|false&#8220; da_disable_devices=&#8220;off|off|off&#8220; locked=&#8220;off&#8220; da_is_popup=&#8220;off&#8220; da_exit_intent=&#8220;off&#8220; da_has_close=&#8220;on&#8220; da_alt_close=&#8220;off&#8220; da_dark_close=&#8220;off&#8220; da_not_modal=&#8220;on&#8220; da_is_singular=&#8220;off&#8220; da_with_loader=&#8220;off&#8220; da_has_shadow=&#8220;on&#8220;][et_pb_row custom_padding_last_edited=&#8220;on|phone&#8220; _builder_version=&#8220;4.9.7&#8243; _module_preset=&#8220;default&#8220; width=&#8220;100%&#8220; width_tablet=&#8220;90%&#8220; width_phone=&#8220;&#8220; width_last_edited=&#8220;on|phone&#8220; custom_padding=&#8220;0px||80px||false|false&#8220; custom_padding_tablet=&#8220;||0px||false|false&#8220; custom_padding_phone=&#8220;||0px||false|false&#8220;][et_pb_column type=&#8220;4_4&#8243; _builder_version=&#8220;4.9.7&#8243; _module_preset=&#8220;default&#8220;][et_pb_text module_class=&#8220;header-subtext-1&#8243; _builder_version=&#8220;4.9.7&#8243; _module_preset=&#8220;default&#8220; max_width=&#8220;950px&#8220; module_alignment=&#8220;center&#8220; hover_enabled=&#8220;0&#8243; locked=&#8220;off&#8220; sticky_enabled=&#8220;0&#8243;]<\/p>\n<p style=\"text-align: center;\"><span lang=\"DE\">Der Stretch Hood ist eine Schlauchfolie, die\u00a0 gedehnt und \u00fcber die Ware auf die Palette gespannt wird, um die Ladung zu fixieren und zu sch\u00fctzen<\/span><\/p>\n<p>[\/et_pb_text][\/et_pb_column][\/et_pb_row][\/et_pb_section][et_pb_section fb_built=&#8220;1&#8243; disabled_on=&#8220;on|on|off&#8220; admin_label=&#8220;Section&#8220; _builder_version=&#8220;4.9.7&#8243; _module_preset=&#8220;default&#8220; custom_padding=&#8220;0px||0px||false|false&#8220; da_disable_devices=&#8220;off|off|off&#8220; locked=&#8220;off&#8220; da_is_popup=&#8220;off&#8220; da_exit_intent=&#8220;off&#8220; da_has_close=&#8220;on&#8220; da_alt_close=&#8220;off&#8220; da_dark_close=&#8220;off&#8220; da_not_modal=&#8220;on&#8220; da_is_singular=&#8220;off&#8220; da_with_loader=&#8220;off&#8220; da_has_shadow=&#8220;on&#8220;][et_pb_row _builder_version=&#8220;4.9.7&#8243; _module_preset=&#8220;default&#8220; width=&#8220;100%&#8220; width_tablet=&#8220;90%&#8220; width_phone=&#8220;&#8220; width_last_edited=&#8220;on|phone&#8220; custom_padding=&#8220;16px||16px||false|false&#8220;][et_pb_column type=&#8220;4_4&#8243; _builder_version=&#8220;4.9.7&#8243; _module_preset=&#8220;default&#8220;][et_pb_image src=&#8220;https:\/\/muraplast.com\/wp-content\/uploads\/2021\/08\/Stretchhaube.jpg&#8220; alt=&#8220;Stretchhaube&#8220; title_text=&#8220;Stretchhaube&#8220; _builder_version=&#8220;4.9.7&#8243; _module_preset=&#8220;default&#8220; max_height=&#8220;384px&#8220; custom_margin=&#8220;-180px||||false|false&#8220; custom_margin_tablet=&#8220;-140px||||false|false&#8220; custom_margin_phone=&#8220;-80px||||false|false&#8220; custom_margin_last_edited=&#8220;on|tablet&#8220;][\/et_pb_image][\/et_pb_column][\/et_pb_row][\/et_pb_section][et_pb_section fb_built=&#8220;1&#8243; custom_padding_last_edited=&#8220;on|tablet&#8220; disabled_on=&#8220;off|off|on&#8220; _builder_version=&#8220;4.9.7&#8243; _module_preset=&#8220;default&#8220; background_color=&#8220;#e7f2d0&#8243; custom_padding=&#8220;48px||200px||false|false&#8220; custom_padding_tablet=&#8220;32px||30%||false|false&#8220; custom_padding_phone=&#8220;||32%||false|false&#8220; da_disable_devices=&#8220;off|off|off&#8220; locked=&#8220;off&#8220; da_is_popup=&#8220;off&#8220; da_exit_intent=&#8220;off&#8220; da_has_close=&#8220;on&#8220; da_alt_close=&#8220;off&#8220; da_dark_close=&#8220;off&#8220; da_not_modal=&#8220;on&#8220; da_is_singular=&#8220;off&#8220; da_with_loader=&#8220;off&#8220; da_has_shadow=&#8220;on&#8220;][et_pb_row custom_padding_last_edited=&#8220;on|phone&#8220; _builder_version=&#8220;4.9.7&#8243; _module_preset=&#8220;default&#8220; width=&#8220;100%&#8220; width_tablet=&#8220;90%&#8220; width_phone=&#8220;&#8220; width_last_edited=&#8220;on|phone&#8220; custom_padding=&#8220;0px||80px||false|false&#8220; custom_padding_tablet=&#8220;||0px||false|false&#8220; custom_padding_phone=&#8220;||0px||false|false&#8220;][et_pb_column type=&#8220;4_4&#8243; _builder_version=&#8220;4.9.7&#8243; _module_preset=&#8220;default&#8220;][et_pb_text module_class=&#8220;header-subtext-1&#8243; _builder_version=&#8220;4.9.7&#8243; _module_preset=&#8220;default&#8220; max_width=&#8220;950px&#8220; module_alignment=&#8220;center&#8220; hover_enabled=&#8220;0&#8243; locked=&#8220;off&#8220; sticky_enabled=&#8220;0&#8243;]<\/p>\n<p style=\"text-align: center;\"><span lang=\"DE\">Der Stretch Hood ist eine Schlauchfolie, die\u00a0 gedehnt und \u00fcber die Ware auf die Palette gespannt wird, um die Ladung zu fixieren und zu sch\u00fctzen<\/span><\/p>\n<p>[\/et_pb_text][\/et_pb_column][\/et_pb_row][\/et_pb_section][et_pb_section fb_built=&#8220;1&#8243; disabled_on=&#8220;off|off|on&#8220; _builder_version=&#8220;4.9.7&#8243; _module_preset=&#8220;default&#8220; background_enable_image=&#8220;off&#8220; custom_margin=&#8220;24px||||false|false&#8220; custom_padding=&#8220;0px||0px||false|false&#8220; da_disable_devices=&#8220;off|off|off&#8220; locked=&#8220;off&#8220; da_is_popup=&#8220;off&#8220; da_exit_intent=&#8220;off&#8220; da_has_close=&#8220;on&#8220; da_alt_close=&#8220;off&#8220; da_dark_close=&#8220;off&#8220; da_not_modal=&#8220;on&#8220; da_is_singular=&#8220;off&#8220; da_with_loader=&#8220;off&#8220; da_has_shadow=&#8220;on&#8220;][et_pb_row _builder_version=&#8220;4.9.7&#8243; _module_preset=&#8220;default&#8220; width=&#8220;90%&#8220; module_alignment=&#8220;center&#8220; custom_padding=&#8220;16px||16px||false|false&#8220;][et_pb_column type=&#8220;4_4&#8243; _builder_version=&#8220;4.9.7&#8243; _module_preset=&#8220;default&#8220;][et_pb_gallery gallery_ids=&#8220;5125&#8243; fullwidth=&#8220;on&#8220; _builder_version=&#8220;4.9.7&#8243; _module_preset=&#8220;default&#8220; module_alignment=&#8220;center&#8220; custom_margin=&#8220;-110px||||false|false&#8220; custom_margin_tablet=&#8220;-34%||||false|false&#8220; custom_margin_phone=&#8220;-39%||||false|false&#8220; custom_margin_last_edited=&#8220;on|tablet&#8220; border_radii=&#8220;on|8px|8px|8px|8px&#8220;][\/et_pb_gallery][\/et_pb_column][\/et_pb_row][\/et_pb_section][et_pb_section fb_built=&#8220;1&#8243; disabled_on=&#8220;off|off|off&#8220; _builder_version=&#8220;4.9.7&#8243; _module_preset=&#8220;default&#8220; background_enable_image=&#8220;off&#8220; custom_margin=&#8220;64px||48px||false|false&#8220; custom_margin_tablet=&#8220;0px||30px||false|false&#8220; custom_margin_phone=&#8220;&#8220; custom_margin_last_edited=&#8220;on|phone&#8220; custom_padding=&#8220;0px||0px||false|false&#8220; da_disable_devices=&#8220;off|off|off&#8220; locked=&#8220;off&#8220; da_is_popup=&#8220;off&#8220; da_exit_intent=&#8220;off&#8220; da_has_close=&#8220;on&#8220; da_alt_close=&#8220;off&#8220; da_dark_close=&#8220;off&#8220; da_not_modal=&#8220;on&#8220; da_is_singular=&#8220;off&#8220; da_with_loader=&#8220;off&#8220; da_has_shadow=&#8220;on&#8220;][et_pb_row _builder_version=&#8220;4.9.7&#8243; _module_preset=&#8220;default&#8220; width=&#8220;90%&#8220; custom_padding=&#8220;||20px||false|false&#8220;][et_pb_column type=&#8220;4_4&#8243; _builder_version=&#8220;4.9.7&#8243; _module_preset=&#8220;default&#8220;][et_pb_text ul_item_indent=&#8220;40px&#8220; module_class=&#8220;text-box-2&#8243; _builder_version=&#8220;4.9.7&#8243; _module_preset=&#8220;default&#8220; module_alignment=&#8220;center&#8220; hover_enabled=&#8220;0&#8243; locked=&#8220;off&#8220; sticky_enabled=&#8220;0&#8243;]<\/p>\n<p>Eines der gefragtesten Produkte zum Verpacken von Ware auf Paletten ist die Stretchhaube. Die Stretchhaube ist eine Schlauchfolie, die\u00a0 gedehnt und \u00fcber die Ware auf die Palette gespannt wird, um die Ladung zu fixieren und zu sch\u00fctzen. Beim Verpacken wird die Stretchhaube, die auf Rolle geliefert wird, auf eine bestimmte L\u00e4nge geschnitten und auf der Oberseite verschwei\u00dft. Die Haube wird dann mit den Fingern der Maschine gegriffen und zur Seite gedehnt, die gr\u00f6\u00dfer als die Abmessung der Palette ist. Danach folgt der Transport der Ladung und Palette. Die L\u00e4nge der Haube ist sehr wichtig f\u00fcr die korrekte Fixierung der Ware.<\/p>\n<p>Die F\u00e4higkeit, Elastizit\u00e4t und Haltekraft zu regulieren, macht diese Haube ideal zum Verpacken verschiedener Produkte, von leeren PET-Flaschen bis hin zu Zements\u00e4cken, die v\u00f6llig entgegengesetzte Eigenschaften haben. Die am schnellsten wachsende Beliebtheit und Anwendung der Stretchhaube ist beim Verpacken von Baumaterial und Ware in FFS-S\u00e4cken (Form Fill Seal). Heutzutage wird die Stretchhaube am h\u00e4ufigsten zum Verpacken verschiedener Haushaltsger\u00e4te verwendet, wo diese Art der Verpackung kosteng\u00fcnstiger ist als mit Karton.<\/p>\n<p>Der Vorteil von Stretch Hood ist die Verpackungsgeschwindigkeit, die im Vergleich zu normaler, zu wickelnder Stretchfolie, um 40 % schneller ist. Zweites sehr wichtiges Merkmal ist eine gute Wasserbarriere und UV-Schutz, denn die Ware ist von f\u00fcnf Seiten gesch\u00fctzt, die atmosph\u00e4risch beeinflusst werden k\u00f6nnen. Bei der Manipulation von Frachtgut sind optische Eigenschaften (Transparenz der Folie) sehr wichtig, damit die gesuchte Fracht schnell erkannt werden kann. Dies verringert die Wahrscheinlichkeit, bei der Auswahl oder Lieferung von Waren Fehler zu machen. Bei Stretch Hood haben wir nur eine Lage Folie und bei einer Umwicklung mit Stretchfolie ist dies nicht der Fall. W\u00e4hrend des Transports ist die Stabilit\u00e4t der Palette sehr wichtig, damit die Ladung unversehrt und intakt am Zielort ankommt. Die Auswahl des richtigen Verh\u00e4ltnisses zwischen Elastizit\u00e4t und Haltekraft h\u00e4ngt von der Folienabmessung und den verwendeten Materialien ab.<\/p>\n<p>Stretch Hood ist ein sehr anspruchsvolles Produkt, da es eine Reihe von Parametern, einschlie\u00dflich Rei\u00df- und Durchsto\u00dffestigkeit, erf\u00fcllen muss. Um alle geforderten Vorgaben zu erf\u00fcllen, ist es notwendig, Materialien von hoher Qualit\u00e4t und eine geeignete Granulatformulierung abgestimmt auf die Verpackungsarten zu verwenden. Folien f\u00fcr Stretchhauben sind in der Regel dreischichtig, die auf einem Coex-Blasfolienextruder produziert werden. Zwei \u00e4u\u00dfere Schichten haben einen Schutzzweck und die mittlere Schicht hat hohe Elastizit\u00e4tseigenschaften. Die meisten Granulathersteller empfehlen die Verwendung des hochwertigen Granulats C8 LLDPE und die Kombination von Plastomeren und Elastomeren, Polyolefinelastomeren oder EVAc \u2013 Ethylen-Vinylacetat-Copolymer in der Mittelschicht. Die \u00e4u\u00dfere Schicht bestimmt die mechanischen und optischen Eigenschaften und die innere Schicht dient zur Erreichung der erforderlichen Elastizit\u00e4t. Das \u00fcbliche Verh\u00e4ltnis ist 20:60:20. Jeder Granulathersteller hat seine eigene Rezeptur und Vorschl\u00e4ge f\u00fcr die jeweilige Verpackungsart, aber aufgrund des Verpackungsprozesses m\u00fcssen die Anforderungen an Haltekraft und Elastizit\u00e4t auf sehr d\u00fcnnen Grenzen ausbalanciert werden. Das bedeutet, dass vor der eigentlichen Produktion mehrere Industrietests durchgef\u00fchrt werden m\u00fcssen. Auf jeden Fall ist die Stretchhaube das am schnellsten wachsende Produkt f\u00fcr Industrieverpackungen. Laut Versalis \u2013 der Internal Marketing Intelligence \u2013 wird der europ\u00e4ische Markt f\u00fcr Stretchhauben j\u00e4hrlich um 8 % wachsen und f\u00fcr Stretchfolien um 2 % zur\u00fcckgehen. Viele verschiedene Quellen prognostizieren ein \u00e4hnliches Wachstum, was deutlich die zuk\u00fcnftige Verwendung und Entwicklung dieser Art von Industrieverpackungen zeigt.<\/p>\n<p>In unserem Labor k\u00f6nnen wir alle f\u00fcr dieses Produkt erforderlichen Pr\u00fcfungen der mechanischen und elastischen Eigenschaften durchf\u00fchren und den gesamten Verpackungsprozess simulieren.<\/p>\n<p><a href=\"https:\/\/muraplast.com\/de\/produkte\/ldpe-folien\/palettenhauben\/\">Technische Eigenschaften des Stretch Hood.<\/a><\/p>\n<p>[\/et_pb_text][\/et_pb_column][\/et_pb_row][\/et_pb_section]<\/p>\n","protected":false},"excerpt":{"rendered":"<p><div class=\"et_pb_module lwp_divi_breadcrumbs lwp_divi_breadcrumbs_0\">\n\t\t\t\t\n\t\t\t\t\n\t\t\t\t\n\t\t\t\t\n\t\t\t\t<div class=\"et_pb_module_inner\">\n\t\t\t\t\t<div class=\"lwp-breadcrumbs\"> <span class=\"before\"><\/span> <span vocab=\"https:\/\/schema.org\/\" typeof=\"BreadcrumbList\"><span property=\"itemListElement\" typeof=\"ListItem\"><a property=\"item\" typeof=\"WebPage\" href=\"https:\/\/muraplast.com\/de\/\" class=\"home\"><span property=\"name\">Titelseite<\/span><\/a><meta property=\"position\" content=\"1\"><\/span> <span class=\"separator et-pb-icon\">&amp;#x35;<\/span> <\/span><\/div>\n\t\t\t\t<\/div>\n\t\t\t<\/div>Der Stretch Hood ist eine Schlauchfolie, die\u00a0 gedehnt und \u00fcber die Ware auf die Palette gespannt wird, um die Ladung zu fixieren und zu sch\u00fctzenDer Stretch Hood ist eine Schlauchfolie, die\u00a0 gedehnt und \u00fcber die Ware auf die Palette gespannt wird, um die Ladung zu [&hellip;]<\/p>\n","protected":false},"author":2,"featured_media":0,"parent":477,"menu_order":0,"comment_status":"closed","ping_status":"closed","template":"","meta":{"_et_pb_use_builder":"on","_et_pb_old_content":"","_et_gb_content_width":"","footnotes":""},"class_list":["post-497","page","type-page","status-publish","hentry"],"yoast_head":"<!-- This site is optimized with the Yoast SEO plugin v17.9 - https:\/\/yoast.com\/wordpress\/plugins\/seo\/ -->\n<title>Stretchhaube | Muraplast d.o.o.<\/title>\n<meta name=\"description\" content=\"LDPE Stretchhauben haben das gleiche Anwendungsgebiet wie Schrumpfhauben, au\u00dfer dass hier die Haube \u00fcber die Ware gezogen wird.\" \/>\n<meta name=\"robots\" content=\"index, follow, max-snippet:-1, max-image-preview:large, max-video-preview:-1\" \/>\n<link rel=\"canonical\" href=\"https:\/\/muraplast.com\/de\/technologie\/stretchhaube\/\" \/>\n<meta property=\"og:locale\" content=\"de_DE\" \/>\n<meta property=\"og:type\" content=\"article\" \/>\n<meta property=\"og:title\" content=\"Stretchhaube | Muraplast d.o.o.\" \/>\n<meta property=\"og:description\" content=\"LDPE Stretchhauben haben das gleiche Anwendungsgebiet wie Schrumpfhauben, au\u00dfer dass hier die Haube \u00fcber die Ware gezogen wird.\" \/>\n<meta property=\"og:url\" content=\"https:\/\/muraplast.com\/de\/technologie\/stretchhaube\/\" \/>\n<meta property=\"og:site_name\" content=\"Muraplast d.o.o.\" \/>\n<meta property=\"article:modified_time\" content=\"2021-09-21T07:56:49+00:00\" \/>\n<meta property=\"og:image\" content=\"https:\/\/muraplast.com\/wp-content\/uploads\/2021\/07\/Muraplast-logo.png\" \/>\n\t<meta property=\"og:image:width\" content=\"141\" \/>\n\t<meta property=\"og:image:height\" content=\"93\" \/>\n\t<meta property=\"og:image:type\" content=\"image\/png\" \/>\n<meta name=\"twitter:card\" content=\"summary_large_image\" \/>\n<script type=\"application\/ld+json\" class=\"yoast-schema-graph\">{\"@context\":\"https:\/\/schema.org\",\"@graph\":[{\"@type\":\"Organization\",\"@id\":\"https:\/\/muraplast.com\/en\/#organization\",\"name\":\"Muraplast\",\"url\":\"https:\/\/muraplast.com\/en\/\",\"sameAs\":[],\"logo\":{\"@type\":\"ImageObject\",\"@id\":\"https:\/\/muraplast.com\/en\/#logo\",\"inLanguage\":\"de\",\"url\":\"https:\/\/muraplast.com\/wp-content\/uploads\/2021\/07\/Muraplast-logo.png\",\"contentUrl\":\"https:\/\/muraplast.com\/wp-content\/uploads\/2021\/07\/Muraplast-logo.png\",\"width\":141,\"height\":93,\"caption\":\"Muraplast\"},\"image\":{\"@id\":\"https:\/\/muraplast.com\/en\/#logo\"}},{\"@type\":\"WebSite\",\"@id\":\"https:\/\/muraplast.com\/en\/#website\",\"url\":\"https:\/\/muraplast.com\/en\/\",\"name\":\"Muraplast d.o.o.\",\"description\":\"ekstruzija, fleksotisak, konverzija\",\"publisher\":{\"@id\":\"https:\/\/muraplast.com\/en\/#organization\"},\"potentialAction\":[{\"@type\":\"SearchAction\",\"target\":{\"@type\":\"EntryPoint\",\"urlTemplate\":\"https:\/\/muraplast.com\/en\/?s={search_term_string}\"},\"query-input\":\"required name=search_term_string\"}],\"inLanguage\":\"de\"},{\"@type\":\"WebPage\",\"@id\":\"https:\/\/muraplast.com\/de\/technologie\/stretchhaube\/#webpage\",\"url\":\"https:\/\/muraplast.com\/de\/technologie\/stretchhaube\/\",\"name\":\"Stretchhaube | Muraplast d.o.o.\",\"isPartOf\":{\"@id\":\"https:\/\/muraplast.com\/en\/#website\"},\"datePublished\":\"2021-07-14T12:53:30+00:00\",\"dateModified\":\"2021-09-21T07:56:49+00:00\",\"description\":\"LDPE Stretchhauben haben das gleiche Anwendungsgebiet wie Schrumpfhauben, au\\u00dfer dass hier die Haube \\u00fcber die Ware gezogen wird.\",\"breadcrumb\":{\"@id\":\"https:\/\/muraplast.com\/de\/technologie\/stretchhaube\/#breadcrumb\"},\"inLanguage\":\"de\",\"potentialAction\":[{\"@type\":\"ReadAction\",\"target\":[\"https:\/\/muraplast.com\/de\/technologie\/stretchhaube\/\"]}]},{\"@type\":\"BreadcrumbList\",\"@id\":\"https:\/\/muraplast.com\/de\/technologie\/stretchhaube\/#breadcrumb\",\"itemListElement\":[{\"@type\":\"ListItem\",\"position\":1,\"name\":\"Po\\u010detna stranica\",\"item\":\"https:\/\/muraplast.com\/de\/\"},{\"@type\":\"ListItem\",\"position\":2,\"name\":\"Technologie\",\"item\":\"https:\/\/muraplast.com\/de\/technologie\/\"},{\"@type\":\"ListItem\",\"position\":3,\"name\":\"Stretchhaube\"}]}]}<\/script>\n<!-- \/ Yoast SEO plugin. -->","yoast_head_json":{"title":"Stretchhaube | Muraplast d.o.o.","description":"LDPE Stretchhauben haben das gleiche Anwendungsgebiet wie Schrumpfhauben, au\u00dfer dass hier die Haube \u00fcber die Ware gezogen wird.","robots":{"index":"index","follow":"follow","max-snippet":"max-snippet:-1","max-image-preview":"max-image-preview:large","max-video-preview":"max-video-preview:-1"},"canonical":"https:\/\/muraplast.com\/de\/technologie\/stretchhaube\/","og_locale":"de_DE","og_type":"article","og_title":"Stretchhaube | Muraplast d.o.o.","og_description":"LDPE Stretchhauben haben das gleiche Anwendungsgebiet wie Schrumpfhauben, au\u00dfer dass hier die Haube \u00fcber die Ware gezogen wird.","og_url":"https:\/\/muraplast.com\/de\/technologie\/stretchhaube\/","og_site_name":"Muraplast d.o.o.","article_modified_time":"2021-09-21T07:56:49+00:00","og_image":[{"width":141,"height":93,"url":"https:\/\/muraplast.com\/wp-content\/uploads\/2021\/07\/Muraplast-logo.png","type":"image\/png"}],"twitter_card":"summary_large_image","schema":{"@context":"https:\/\/schema.org","@graph":[{"@type":"Organization","@id":"https:\/\/muraplast.com\/en\/#organization","name":"Muraplast","url":"https:\/\/muraplast.com\/en\/","sameAs":[],"logo":{"@type":"ImageObject","@id":"https:\/\/muraplast.com\/en\/#logo","inLanguage":"de","url":"https:\/\/muraplast.com\/wp-content\/uploads\/2021\/07\/Muraplast-logo.png","contentUrl":"https:\/\/muraplast.com\/wp-content\/uploads\/2021\/07\/Muraplast-logo.png","width":141,"height":93,"caption":"Muraplast"},"image":{"@id":"https:\/\/muraplast.com\/en\/#logo"}},{"@type":"WebSite","@id":"https:\/\/muraplast.com\/en\/#website","url":"https:\/\/muraplast.com\/en\/","name":"Muraplast d.o.o.","description":"ekstruzija, fleksotisak, konverzija","publisher":{"@id":"https:\/\/muraplast.com\/en\/#organization"},"potentialAction":[{"@type":"SearchAction","target":{"@type":"EntryPoint","urlTemplate":"https:\/\/muraplast.com\/en\/?s={search_term_string}"},"query-input":"required name=search_term_string"}],"inLanguage":"de"},{"@type":"WebPage","@id":"https:\/\/muraplast.com\/de\/technologie\/stretchhaube\/#webpage","url":"https:\/\/muraplast.com\/de\/technologie\/stretchhaube\/","name":"Stretchhaube | Muraplast d.o.o.","isPartOf":{"@id":"https:\/\/muraplast.com\/en\/#website"},"datePublished":"2021-07-14T12:53:30+00:00","dateModified":"2021-09-21T07:56:49+00:00","description":"LDPE Stretchhauben haben das gleiche Anwendungsgebiet wie Schrumpfhauben, au\u00dfer dass hier die Haube \u00fcber die Ware gezogen wird.","breadcrumb":{"@id":"https:\/\/muraplast.com\/de\/technologie\/stretchhaube\/#breadcrumb"},"inLanguage":"de","potentialAction":[{"@type":"ReadAction","target":["https:\/\/muraplast.com\/de\/technologie\/stretchhaube\/"]}]},{"@type":"BreadcrumbList","@id":"https:\/\/muraplast.com\/de\/technologie\/stretchhaube\/#breadcrumb","itemListElement":[{"@type":"ListItem","position":1,"name":"Po\u010detna stranica","item":"https:\/\/muraplast.com\/de\/"},{"@type":"ListItem","position":2,"name":"Technologie","item":"https:\/\/muraplast.com\/de\/technologie\/"},{"@type":"ListItem","position":3,"name":"Stretchhaube"}]}]}},"_links":{"self":[{"href":"https:\/\/muraplast.com\/de\/wp-json\/wp\/v2\/pages\/497","targetHints":{"allow":["GET"]}}],"collection":[{"href":"https:\/\/muraplast.com\/de\/wp-json\/wp\/v2\/pages"}],"about":[{"href":"https:\/\/muraplast.com\/de\/wp-json\/wp\/v2\/types\/page"}],"author":[{"embeddable":true,"href":"https:\/\/muraplast.com\/de\/wp-json\/wp\/v2\/users\/2"}],"replies":[{"embeddable":true,"href":"https:\/\/muraplast.com\/de\/wp-json\/wp\/v2\/comments?post=497"}],"version-history":[{"count":4,"href":"https:\/\/muraplast.com\/de\/wp-json\/wp\/v2\/pages\/497\/revisions"}],"predecessor-version":[{"id":10265,"href":"https:\/\/muraplast.com\/de\/wp-json\/wp\/v2\/pages\/497\/revisions\/10265"}],"up":[{"embeddable":true,"href":"https:\/\/muraplast.com\/de\/wp-json\/wp\/v2\/pages\/477"}],"wp:attachment":[{"href":"https:\/\/muraplast.com\/de\/wp-json\/wp\/v2\/media?parent=497"}],"curies":[{"name":"wp","href":"https:\/\/api.w.org\/{rel}","templated":true}]}}